{"id":8053,"date":"2013-12-29T19:27:57","date_gmt":"2013-12-29T19:27:57","guid":{"rendered":" http:\/\/pacifichigh.de\/wp_ph_de\/?page_id=8053"},"modified":"2013-12-29T19:27:57","modified_gmt":"2013-12-29T19:27:57","slug":"12-tahiti-aorai-panorama","status":"publish","type":"page","link":"http:\/\/pacifichigh.de\/wp_ph_de\/?page_id=8053","title":{"rendered":"12 &#8211; Tahiti \/ Aorai &#8211; Panorama"},"content":{"rendered":"<p>W\u00e4hrend einer zweit\u00e4gigen Wanderung auf den dritth\u00f6chsten Berg Franz\u00f6sisch Polynesiens habe ich ein paar Panorama aufgenommen. Wie immer vergr\u00f6\u00dfert ein Doppelklick auf das Bild die Ansicht&#8230;<\/p>\n<p style=\"text-align: justify;\"><a href=\" http:\/\/pacifichigh.de\/wp_ph_de\/wp-content\/uploads\/Blog_20131216_DSC03712_03721.jpg\" target=\"_blank\"><img loading=\"lazy\" class=\"aligncenter  wp-image-8055\" alt=\"Blog_20131216_DSC03712_03721\" src=\" http:\/\/pacifichigh.de\/wp_ph_de\/wp-content\/uploads\/Blog_20131216_DSC03712_03721-700x166.jpg\" width=\"1000\" height=\"235\" \/><\/a>Dieses Panoram wurde gleich am Beginn der Wanderung aufgenommen. Blick vom &#8220;Belvedere&#8221; Richtung Zentralmassiv von Tahiti. Gut zu erkennen ist dass der Wanderweg meistens dem Bergr\u00fccken folgt.<\/p>\n<p style=\"text-align: center;\"><a href=\" http:\/\/pacifichigh.de\/wp_ph_de\/wp-content\/uploads\/Blog_20131216_DSC03733_03737.jpg\" target=\"_blank\"><img loading=\"lazy\" class=\"aligncenter  wp-image-8056\" alt=\"Blog_20131216_DSC03733_03737\" src=\" http:\/\/pacifichigh.de\/wp_ph_de\/wp-content\/uploads\/Blog_20131216_DSC03733_03737-700x205.jpg\" width=\"1000\" height=\"290\" \/><\/a>Ausblick auf Papeete ungef\u00e4hr auf halber Strecke zur ersten Schutzh\u00fctte \u201eFare Mato\u201c<\/p>\n<p style=\"text-align: center;\"><a href=\" http:\/\/pacifichigh.de\/wp_ph_de\/wp-content\/uploads\/Blog_20131217_DSC03986_03994.jpg\" target=\"_blank\"><img loading=\"lazy\" class=\"aligncenter  wp-image-8059\" alt=\"Blog_20131217_DSC03986_03994\" src=\" http:\/\/pacifichigh.de\/wp_ph_de\/wp-content\/uploads\/Blog_20131217_DSC03986_03994-700x166.jpg\" width=\"1000\" height=\"235\" \/><\/a><\/p>\n<p>Blick von der zweiten Schutzh\u00fctte \u201eFare Ata\u201c Richtung Norden um 5:23 Uhr Morgens. Im Hintergrund ist Moorea deutlich zu erkennen.<\/p>\n<p style=\"text-align: justify;\"><a href=\" http:\/\/pacifichigh.de\/wp_ph_de\/wp-content\/uploads\/Blog_20131217_DSC04122_04127.jpg\" target=\"_blank\"><img loading=\"lazy\" class=\"aligncenter  wp-image-8060\" alt=\"Blog_20131217_DSC04122_04127\" src=\" http:\/\/pacifichigh.de\/wp_ph_de\/wp-content\/uploads\/Blog_20131217_DSC04122_04127-700x201.jpg\" width=\"1000\" height=\"285\" \/><\/a>Um 8:00 Uhr sind wir bereits wieder auf dem Abstieg. Auf dem Bergr\u00fccken vor uns ist der &#8220;Marau&#8221; gut auszumachen, weiter links kann man das &#8220;Diadem&#8221; erkennen.<\/p>\n<p style=\"text-align: justify;\"><a href=\" http:\/\/pacifichigh.de\/wp_ph_de\/wp-content\/uploads\/Blog_20131217_DSC04147_04151.jpg\" target=\"_blank\"><img loading=\"lazy\" class=\"aligncenter  wp-image-8061\" alt=\"Blog_20131217_DSC04147_04151\" src=\" http:\/\/pacifichigh.de\/wp_ph_de\/wp-content\/uploads\/Blog_20131217_DSC04147_04151-700x212.jpg\" width=\"1000\" height=\"300\" \/><\/a>En letztes Panorama von Papeete&#8230;<\/p>\n<p>&nbsp;<\/p>\n<p>&nbsp;<\/p>\n","protected":false},"excerpt":{"rendered":"<p>W\u00e4hrend einer zweit\u00e4gigen Wanderung auf den dritth\u00f6chsten Berg Franz\u00f6sisch Polynesiens habe ich ein paar Panorama aufgenommen. Wie immer vergr\u00f6\u00dfert ein Doppelklick auf das Bild die Ansicht&#8230; Dieses Panoram wurde gleich am Beginn der Wanderung aufgenommen. Blick vom &#8220;Belvedere&#8221; Richtung Zentralmassiv von Tahiti. Gut zu erkennen ist dass der Wanderweg meistens dem Bergr\u00fccken folgt. Ausblick auf [&hellip;]<\/p>\n","protected":false},"author":2,"featured_media":0,"parent":7751,"menu_order":0,"comment_status":"open","ping_status":"closed","template":"page-templates\/template-full-width.php","meta":{"_s2mail":"yes","ngg_post_thumbnail":0},"_links":{"self":[{"href":"http:\/\/pacifichigh.de\/wp_ph_de\/index.php?rest_route=\/wp\/v2\/pages\/8053"}],"collection":[{"href":"http:\/\/pacifichigh.de\/wp_ph_de\/index.php?rest_route=\/wp\/v2\/pages"}],"about":[{"href":"http:\/\/pacifichigh.de\/wp_ph_de\/index.php?rest_route=\/wp\/v2\/types\/page"}],"author":[{"embeddable":true,"href":"http:\/\/pacifichigh.de\/wp_ph_de\/index.php?rest_route=\/wp\/v2\/users\/2"}],"replies":[{"embeddable":true,"href":"http:\/\/pacifichigh.de\/wp_ph_de\/index.php?rest_route=%2Fwp%2Fv2%2Fcomments&post=8053"}],"version-history":[{"count":0,"href":"http:\/\/pacifichigh.de\/wp_ph_de\/index.php?rest_route=\/wp\/v2\/pages\/8053\/revisions"}],"up":[{"embeddable":true,"href":"http:\/\/pacifichigh.de\/wp_ph_de\/index.php?rest_route=\/wp\/v2\/pages\/7751"}],"wp:attachment":[{"href":"http:\/\/pacifichigh.de\/wp_ph_de\/index.php?rest_route=%2Fwp%2Fv2%2Fmedia&parent=8053"}],"curies":[{"name":"wp","href":"https:\/\/api.w.org\/{rel}","templated":true}]}}