{"id":773,"date":"2008-11-18T14:54:00","date_gmt":"2008-11-18T15:54:00","guid":{"rendered":"http:\/\/blog.pacific-high.com\/?page_id=773"},"modified":"2008-11-18T14:54:00","modified_gmt":"2008-11-18T15:54:00","slug":"kommunikation","status":"publish","type":"page","link":"http:\/\/pacifichigh.de\/wp_ph_de\/?page_id=773","title":{"rendered":"Kommunikation"},"content":{"rendered":"<p><!--:de--><\/p>\n<p style=\"text-align: justify;\"><a href=\" http:\/\/pacifichigh.de\/wp_ph_de\/wp-content\/uploads\/Blog_20090410_1DS_4938.jpg\"><img loading=\"lazy\" class=\"aligncenter size-medium wp-image-7465\" alt=\"Blog_20090410_1DS_4938\" src=\" http:\/\/pacifichigh.de\/wp_ph_de\/wp-content\/uploads\/Blog_20090410_1DS_4938-700x533.jpg\" width=\"700\" height=\"533\" \/><\/a><\/p>\n<p style=\"text-align: justify;\">Kommunikation, unser Kontakt mit der Au\u00dfenwelt, hat an Bord eines jeden Segelbootes einen hohen Stellenwert. Funkger\u00e4te bedeuten Sicherheit. Wir k\u00f6nnen im Notfall Hilfe rufen, oder anderen Booten selbst Hilfe anbieten. Via Funk entsteht normalerweise der erste Kontakt mit einem neuen Land das wir bereisen, weil wir uns per Funk bei den \u00f6rtlichen Beh\u00f6rden melden, wenn wir in ihre Hoheitsgew\u00e4sser segeln. Es bedeutet aber einfach auch sozialen Kontakt, besonders mitten auf dem Ozean freut man sich \u00fcber jeden Funkkontakt, es gibt einem das Gef\u00fchl nicht alleine zu sein in der endlosen Weite der Meere. Nicht zuletzt halten wir so die Verbindung zu Euch, und bekommen auch Wetterberichte, Warnmeldungen etc.<\/p>\n<p style=\"text-align: justify;\">Wir haben folgende Kommunikationsmittel \/ Funkanlagen an Bord installiert<\/p>\n<p style=\"text-align: justify;\"><span style=\"text-decoration: underline;\"><span style=\"font-size: large;\">UKW Funk<\/span><\/span><\/p>\n<p style=\"text-align: justify;\"><a href=\" http:\/\/pacifichigh.de\/wp_ph_de\/wp-content\/uploads\/ic-m505.jpg\"><img loading=\"lazy\" class=\"alignright size-thumbnail wp-image-7459\" alt=\"ic-m505\" src=\" http:\/\/pacifichigh.de\/wp_ph_de\/wp-content\/uploads\/ic-m505-350x187.jpg\" width=\"350\" height=\"187\" \/><\/a>Das UKW Seefunkger\u00e4t (ICOM IC-505) ist am Navigationstisch fest eingebaut mit einem zweitem Bedienteil auf der Fly. Es dient zur Kommunikation mit der \u201en\u00e4heren\u201c Umgebung, wie andere Schiffe, \u00f6rtliche Beh\u00f6rden, Wasserschutzpolizei, Zoll, Marina, Hafenmeister, etc. Meistens unterh\u00e4lt man sich einfach nur mit anderen Booten in Sicht- oder Radar- \/ AIS- Kontakt. Oft funken wir fr\u00fchzeitig Frachter, Tanker oder Kreuzfahrtschiffe an, die unseren Kurs kreuzen, um sicher zu gehen, das sie uns auch bemerkt haben, aber haupts\u00e4chlich weil es Spa\u00df macht sich mit den dicken P\u00f6tten zu unterhalten. Nat\u00fcrlich dient es auch zur Notfallalarmierung mittels DSC (unsere MMSI lautet: 378111557).<\/p>\n<p style=\"text-align: justify;\"><a href=\" http:\/\/pacifichigh.de\/wp_ph_de\/wp-content\/uploads\/icom-ic-m33-handheld-vhf.jpg\"><img loading=\"lazy\" class=\"alignleft size-thumbnail wp-image-7460\" alt=\"icom-ic-m33-handheld-vhf\" src=\" http:\/\/pacifichigh.de\/wp_ph_de\/wp-content\/uploads\/icom-ic-m33-handheld-vhf-350x350.jpg\" width=\"350\" height=\"350\" \/><\/a>Wir haben ein zweites UKW Handfunkger\u00e4t (ICOM IC-M 33) zur Sicherheit an Bord und f\u00fcr die Kommunikation zum Beiboot.<\/p>\n<p style=\"text-align: justify;\">Noch ein Wort zur Reichweite vom UKW Funk. Es handelt sich ja um eine quasi &#8230; Funkverbindungen und es hei\u00dft die maximale Reichweite betr\u00e4gt 30sm. Wir funken glasklar mit Frachtern in 60sm (=110km) Entfernung. Den \u201eVogel abgeschossen\u201c haben wir allerdings an der USA Ostk\u00fcste. Wir segelten s\u00fcdlich von Long Island und konnten noch mit der Coastguard Station Newport \/ Rhode Island funken. Das waren \u00fcber 100sm (= 180km)&#8230; kaum zu glauben, aber war!<\/p>\n<p style=\"text-align: justify;\"><span style=\"text-decoration: underline;\"><span style=\"font-size: large;\">AIS<\/span><\/span><\/p>\n<p style=\"text-align: justify;\">Unser AIS sendet unsere Schiffsdaten und empf\u00e4ngt die aller Schiffe um uns herum. Mittlerweile ist das AIS uns genauso wichtig wie unser Radar. Wir erhalten nicht nur die Position aller Schiffe (mit AIS) um uns herum, sondern auch ihren Kurs, Geschwindigkeit und viele Daten mehr. Unser Bordcomputer errechnet daraus ob und wann sich unsere Kurse kreuzen werden und zeigt dieses grafisch auf der Seekarte unseres Chartplotter an. Es gibt Sicherheit, wenn man weit im voraus ev. Kollisionskurse erkennen kann, besonders bei Squalls oder Gewittern w\u00e4hrend Nachtwachen. Auch k\u00f6nnen wir Dank AIS andere Schiffe gezielt mit Namen oder MSSI anfunken. Last but not least, entdecken wir Dank AIS auch befreundete Boote die \u201eum die Ecke\u201c in einer anderen Bucht liegen&#8230;<\/p>\n<p style=\"text-align: justify;\"><span style=\"text-decoration: underline;\"><span style=\"font-size: large;\">Kurzwelle \/ SSB<\/span><\/span><\/p>\n<p style=\"text-align: justify;\"><a href=\" http:\/\/pacifichigh.de\/wp_ph_de\/wp-content\/uploads\/icom_ic-718.jpg\"><img loading=\"lazy\" class=\"alignright size-thumbnail wp-image-7461\" alt=\"icom_ic-718\" src=\" http:\/\/pacifichigh.de\/wp_ph_de\/wp-content\/uploads\/icom_ic-718-350x159.jpg\" width=\"350\" height=\"159\" \/><\/a>Unser Kurzwellen Funkger\u00e4t (ICOM IC-718) ist am Navigationstisch eingebaut. Es dient der Kommunikation via Sprechfunk auf langen Seestrecken, der Daten\u00fcbertragung via Pactor Modem (allerdings langsam) und dem Empfang von Navtex: Empfang von Seewetter, nautische Warnnachrichten und Sicherheitsmeldungen. Am h\u00e4ufigsten nutzen wir es zur Daten\u00fcbertragung via Pactor Modem, das bei uns direkt im Funkger\u00e4t eingebaut ist und von \u00fcberall an Bord via Bluetooth angesprochen werden kann.<\/p>\n<p style=\"text-align: justify;\">Via Kurzwelle k\u00f6nnen wir weite Entfernungen \u00fcberbr\u00fccken. So haben wir von Panama aus mit befreundeten Seglern in Fiji funken k\u00f6nnen: das sind rund 6.000sm (= 11.000km)!<\/p>\n<p style=\"text-align: justify;\"><span style=\"text-decoration: underline; font-size: large;\">Satellitentelefon<\/span><\/p>\n<p style=\"text-align: justify;\"><a href=\" http:\/\/pacifichigh.de\/wp_ph_de\/wp-content\/uploads\/Isatphone-Pro.jpg\"><img loading=\"lazy\" class=\"alignright size-thumbnail wp-image-7462\" alt=\"Isatphone Pro\" src=\" http:\/\/pacifichigh.de\/wp_ph_de\/wp-content\/uploads\/Isatphone-Pro-143x350.jpg\" width=\"143\" height=\"350\" \/><\/a>Als Backup System haben wir ein Iridium Satelliten Telefon an Bord. Es gibt uns die Sicherheit \u00fcberall auf der Welt telefonieren zu k\u00f6nnen und im Fall der F\u00e4lle Wetterdaten herunterladen zu k\u00f6nnen. Wir benutzen es aber eher selten.<\/p>\n<p style=\"text-align: justify;\"><span style=\"text-decoration: underline;\"><span style=\"font-size: large;\">WIFI Internet<\/span><\/span><\/p>\n<p style=\"text-align: justify;\">Unsere WIFI Internet ist bestimmt das Kommunikationsmittel, dass wir am h\u00e4ufigsten an Bord nutzen \u2013 besonders unsere Kinder. Ein Leben ohne genaue Internet Wetterdaten, Emails, Blog, Facebook, Youtube, etc. ist heute (fast) undenkbar. Unser WIFI an Bord ist wie folgt aufgebaut:<\/p>\n<p style=\"text-align: justify;\">Hoch empfindliche (15dbi), aber auch gro\u00dfe und schwere WIFI Antenne am Mast montiert in 12m H\u00f6he<\/p>\n<p style=\"text-align: justify;\"><a href=\" http:\/\/pacifichigh.de\/wp_ph_de\/wp-content\/uploads\/ubiquiti-bullet-ethernet-cable-antenna-connector.png\"><img loading=\"lazy\" class=\"alignleft size-thumbnail wp-image-7464\" alt=\"ubiquiti-bullet-ethernet-cable-antenna-connector\" src=\" http:\/\/pacifichigh.de\/wp_ph_de\/wp-content\/uploads\/ubiquiti-bullet-ethernet-cable-antenna-connector-350x287.png\" width=\"350\" height=\"287\" \/><\/a>Direkt an den HF Stecker der Antenne ist ein eine Ubiquiti Bullet M2 fest verschraubt (keine Kabel Verluste). Das ist ein WIFI Sender\/Empf\u00e4nger mit Mini Computer. Er ist via Netzwerkabel (keine \u00dcbertragungsverluste) im Mast verlegt mit unserem WLAN Router verbunden, der im Salon steht. \u00dcber unser WLAN k\u00f6nnen wir alle gleichzeitig \u00fcberall auf der Pacific High aufs Internet zugreifen \u2013 praktisch.<\/p>\n<p style=\"text-align: justify;\">Die Entfernung und Geschwindigkeit der \u00dcbertragung h\u00e4ngen leider von dem WLAN an Land ab. In den USA konnten wir manchmal unterm Segeln in 20km Entfernung von der K\u00fcste im Internet surfen, in Franz\u00f6sisch Polynesien haben wir schon mit 1,5MBit Daten aus dem Internet geladen&#8230;<\/p>\n<p style=\"text-align: justify;\"><a href=\" http:\/\/pacifichigh.de\/wp_ph_de\/wp-content\/uploads\/Blog_20110303_1DS_0818-copy.jpg\"><img loading=\"lazy\" class=\"aligncenter size-medium wp-image-7466\" alt=\"Blog_20110303_1DS_0818 copy\" src=\" http:\/\/pacifichigh.de\/wp_ph_de\/wp-content\/uploads\/Blog_20110303_1DS_0818-copy-595x700.jpg\" width=\"595\" height=\"700\" \/><\/a><\/p>\n<p style=\"text-align: justify;\">\n<p><!--:--><\/p>\n","protected":false},"excerpt":{"rendered":"<p>Kommunikation, unser Kontakt mit der Au\u00dfenwelt, hat an Bord eines jeden Segelbootes einen hohen Stellenwert. Funkger\u00e4te bedeuten Sicherheit. Wir k\u00f6nnen im Notfall Hilfe rufen, oder anderen Booten selbst Hilfe anbieten. Via Funk entsteht normalerweise der erste Kontakt mit einem neuen Land das wir bereisen, weil wir uns per Funk bei den \u00f6rtlichen Beh\u00f6rden melden, wenn [&hellip;]<\/p>\n","protected":false},"author":2,"featured_media":0,"parent":760,"menu_order":30,"comment_status":"closed","ping_status":"closed","template":"","meta":{"_s2mail":"yes","ngg_post_thumbnail":0},"_links":{"self":[{"href":"http:\/\/pacifichigh.de\/wp_ph_de\/index.php?rest_route=\/wp\/v2\/pages\/773"}],"collection":[{"href":"http:\/\/pacifichigh.de\/wp_ph_de\/index.php?rest_route=\/wp\/v2\/pages"}],"about":[{"href":"http:\/\/pacifichigh.de\/wp_ph_de\/index.php?rest_route=\/wp\/v2\/types\/page"}],"author":[{"embeddable":true,"href":"http:\/\/pacifichigh.de\/wp_ph_de\/index.php?rest_route=\/wp\/v2\/users\/2"}],"replies":[{"embeddable":true,"href":"http:\/\/pacifichigh.de\/wp_ph_de\/index.php?rest_route=%2Fwp%2Fv2%2Fcomments&post=773"}],"version-history":[{"count":0,"href":"http:\/\/pacifichigh.de\/wp_ph_de\/index.php?rest_route=\/wp\/v2\/pages\/773\/revisions"}],"up":[{"embeddable":true,"href":"http:\/\/pacifichigh.de\/wp_ph_de\/index.php?rest_route=\/wp\/v2\/pages\/760"}],"wp:attachment":[{"href":"http:\/\/pacifichigh.de\/wp_ph_de\/index.php?rest_route=%2Fwp%2Fv2%2Fmedia&parent=773"}],"curies":[{"name":"wp","href":"https:\/\/api.w.org\/{rel}","templated":true}]}}