{"id":5362,"date":"2013-10-11T16:34:53","date_gmt":"2013-10-11T16:34:53","guid":{"rendered":" http:\/\/pacifichigh.de\/wp_ph_de\/?page_id=5362"},"modified":"2013-10-11T16:34:53","modified_gmt":"2013-10-11T16:34:53","slug":"strom-elektrik-2-praxiserfahrungen","status":"publish","type":"page","link":"http:\/\/pacifichigh.de\/wp_ph_de\/?page_id=5362","title":{"rendered":"Strom \/ Elektrik (2) \u2013 Praxiserfahrungen"},"content":{"rendered":"<p><!--:de--><\/p>\n<p style=\"text-align: justify;\">W\u00e4hrend wir unter dem Menuepunkt \u201eStrom \/ Elektrik (1) \u2013 Theorie\u201c unsere theoretischen \u00dcberlegungen w\u00e4hrend der Bauphase und den ersten Wochen an Bord der Pacific High zusammengefasst haben, m\u00f6chten wir hier \u00fcber unsere Praxiserfahrungen w\u00e4hrend den ersten drei Jahren berichten.<\/p>\n<p style=\"text-align: justify;\">Ich habe unsere Erfahrungen in vier Bereiche aufgeteilt:<\/p>\n<p style=\"text-align: justify;\">1. Bordstromnetz<\/p>\n<p style=\"text-align: justify;\">Wir haben zwei Stromnetze (12 Volt und 220 Volt) an Bord. An dem 12 Volt Stromnetz h\u00e4ngen die Navigationselektronik, Beleuchtung, Pumpen und teilweise unsere Computer. Im Unterschied zu den meisten anderen Segelyachten ist das 220 Volt Stromnetz unsere \u201eHauptstromversorgung\u201c. Es versorgt \u201erund um die Uhr\u201c unseren K\u00fchlschrank, Herd (wir kochen mit Strom) und alle anderen Starkstromverbraucher mit Energie.<\/p>\n<p style=\"text-align: justify;\">Daher haben wir unsere werftseitigen Stromkabel komplett \u00fcberpr\u00fcft, ihren Querschnitt bezogen auf den Stromverbrauch nachgerechnet und gegebenenfalls neue Stromkabel verlegt. Alle unsere Starkstromverbraucher inkl. Klimaanlage, elektr. Herd, Backofen oder Wassermachern k\u00f6nnen \u00fcber Inverter betrieben werden ohne den Generator starten zu m\u00fcssen. In der Praxis flie\u00dfen dann Str\u00f6me bis 600 Ampere an 12 Volt zwischen den Batterien und den Invertern. Alle Starkstromverbraucher haben eine separate Zuleitung und eine eigene Sicherung, jeder Raum an Bord ist einzeln abgesichert. Andere (Schwachstrom) Verbraucher sind zu Gruppen zusammengefasst und abgesichert. Alle Stromleitungen sind jeweils am Anfang und Ende fortlaufenden durchnummeriert, so dass man ihren Verlauf an Bord leicht nachverfolgen kann. Alle Kabeldurchmesser sind mindestens 50% \u00fcberdimensioniert, so hat zum Beispiel unsere Hauptstromleitung zwischen den Batterien und den Invertern einen Kabeldurchmesser von 3,2 cm!<\/p>\n<p style=\"text-align: justify;\"><a href=\" http:\/\/pacifichigh.de\/wp_ph_de\/wp-content\/uploads\/1.-Bordstromnetz.gif\"><img loading=\"lazy\" class=\"aligncenter size-medium wp-image-5364\" title=\"1. Bordstromnetz\" alt=\"\" src=\" http:\/\/pacifichigh.de\/wp_ph_de\/wp-content\/uploads\/1.-Bordstromnetz-687x550.gif\" width=\"687\" height=\"550\" \/><\/a><\/p>\n<p><!--:--><\/p>\n","protected":false},"excerpt":{"rendered":"<p>W\u00e4hrend wir unter dem Menuepunkt \u201eStrom \/ Elektrik (1) \u2013 Theorie\u201c unsere theoretischen \u00dcberlegungen w\u00e4hrend der Bauphase und den ersten Wochen an Bord der Pacific High zusammengefasst haben, m\u00f6chten wir hier \u00fcber unsere Praxiserfahrungen w\u00e4hrend den ersten drei Jahren berichten. Ich habe unsere Erfahrungen in vier Bereiche aufgeteilt: 1. Bordstromnetz Wir haben zwei Stromnetze (12 [&hellip;]<\/p>\n","protected":false},"author":2,"featured_media":0,"parent":760,"menu_order":26,"comment_status":"closed","ping_status":"closed","template":"","meta":{"_s2mail":"yes","ngg_post_thumbnail":0},"_links":{"self":[{"href":"http:\/\/pacifichigh.de\/wp_ph_de\/index.php?rest_route=\/wp\/v2\/pages\/5362"}],"collection":[{"href":"http:\/\/pacifichigh.de\/wp_ph_de\/index.php?rest_route=\/wp\/v2\/pages"}],"about":[{"href":"http:\/\/pacifichigh.de\/wp_ph_de\/index.php?rest_route=\/wp\/v2\/types\/page"}],"author":[{"embeddable":true,"href":"http:\/\/pacifichigh.de\/wp_ph_de\/index.php?rest_route=\/wp\/v2\/users\/2"}],"replies":[{"embeddable":true,"href":"http:\/\/pacifichigh.de\/wp_ph_de\/index.php?rest_route=%2Fwp%2Fv2%2Fcomments&post=5362"}],"version-history":[{"count":0,"href":"http:\/\/pacifichigh.de\/wp_ph_de\/index.php?rest_route=\/wp\/v2\/pages\/5362\/revisions"}],"up":[{"embeddable":true,"href":"http:\/\/pacifichigh.de\/wp_ph_de\/index.php?rest_route=\/wp\/v2\/pages\/760"}],"wp:attachment":[{"href":"http:\/\/pacifichigh.de\/wp_ph_de\/index.php?rest_route=%2Fwp%2Fv2%2Fmedia&parent=5362"}],"curies":[{"name":"wp","href":"https:\/\/api.w.org\/{rel}","templated":true}]}}