{"id":2096,"date":"2009-12-10T20:33:45","date_gmt":"2009-12-10T21:33:45","guid":{"rendered":" http:\/\/pacifichigh.de\/wp_ph_de\/?page_id=2096"},"modified":"2009-12-10T20:33:45","modified_gmt":"2009-12-10T21:33:45","slug":"panorama-2009-lanzarotepanorama-2009-lanzarotepanorama-2009-lanzarotepanorama-2009-lanzarote","status":"publish","type":"page","link":"http:\/\/pacifichigh.de\/wp_ph_de\/?page_id=2096","title":{"rendered":"Lanzarote"},"content":{"rendered":"<p style=\"text-align: justify;\"><!--:de-->Es war zwar nur ein kurzer, aber ein beeindruckender Stop auf Lanzarote (wie immer: mit einem Doppelklick auf die Bilder \u00f6ffnet sich ein neues Fenster mit einer gr\u00f6\u00dferen Version der Bilder ca. 3000 Pixel breit. Die Originale haben teilweise eine Aufl\u00f6sung von 30.000 Pixeln und mehr in der Breite und sind \u00fcber 300 MB gro\u00df)<\/p>\n<figure id=\"attachment_2094\" aria-describedby=\"caption-attachment-2094\" style=\"width: 1000px\" class=\"wp-caption alignleft\"><a href=\" http:\/\/pacifichigh.de\/wp_ph_de\/wp-content\/uploads\/cimg2970_2974_lanzarote_bearb.jpg\" target=\"_blank\"><img loading=\"lazy\" class=\" wp-image-2094 \" title=\"cimg2970_2974_lanzarote_bearb\" alt=\"cimg2970_2974_lanzarote_bearb\" src=\" http:\/\/pacifichigh.de\/wp_ph_de\/wp-content\/uploads\/cimg2970_2974_lanzarote_bearb-1024x335.jpg\" width=\"1000\" height=\"250\" \/><\/a><figcaption id=\"caption-attachment-2094\" class=\"wp-caption-text\">Unsere &#8220;Pacfic High&#8221; liegt am traumhaften Sandstrand von Playa Mujeres im S\u00fcden von Lanzarote<\/figcaption><\/figure>\n<figure id=\"attachment_2095\" aria-describedby=\"caption-attachment-2095\" style=\"width: 1000px\" class=\"wp-caption alignleft\"><a href=\" http:\/\/pacifichigh.de\/wp_ph_de\/wp-content\/uploads\/cimg2997_3006_lanzarote_bearb.jpg\" target=\"_blank\"><img loading=\"lazy\" class=\" wp-image-2095 \" title=\"cimg2997_3006_lanzarote_bearb\" alt=\"cimg2997_3006_lanzarote_bearb\" src=\" http:\/\/pacifichigh.de\/wp_ph_de\/wp-content\/uploads\/cimg2997_3006_lanzarote_bearb-1024x221.jpg\" width=\"1000\" height=\"250\" \/><\/a><figcaption id=\"caption-attachment-2095\" class=\"wp-caption-text\">Blick in das trockene und karge, deshalb aber nicht weniger faszinierende landesinnere von Lanzarote<\/figcaption><\/figure>\n<p><!--:--><\/p>\n","protected":false},"excerpt":{"rendered":"<p>Es war zwar nur ein kurzer, aber ein beeindruckender Stop auf Lanzarote (wie immer: mit einem Doppelklick auf die Bilder \u00f6ffnet sich ein neues Fenster mit einer gr\u00f6\u00dferen Version der Bilder ca. 3000 Pixel breit. Die Originale haben teilweise eine Aufl\u00f6sung von 30.000 Pixeln und mehr in der Breite und sind \u00fcber 300 MB gro\u00df)<\/p>\n","protected":false},"author":2,"featured_media":0,"parent":2521,"menu_order":0,"comment_status":"closed","ping_status":"closed","template":"page-templates\/template-full-width.php","meta":{"_s2mail":"yes","ngg_post_thumbnail":0},"_links":{"self":[{"href":"http:\/\/pacifichigh.de\/wp_ph_de\/index.php?rest_route=\/wp\/v2\/pages\/2096"}],"collection":[{"href":"http:\/\/pacifichigh.de\/wp_ph_de\/index.php?rest_route=\/wp\/v2\/pages"}],"about":[{"href":"http:\/\/pacifichigh.de\/wp_ph_de\/index.php?rest_route=\/wp\/v2\/types\/page"}],"author":[{"embeddable":true,"href":"http:\/\/pacifichigh.de\/wp_ph_de\/index.php?rest_route=\/wp\/v2\/users\/2"}],"replies":[{"embeddable":true,"href":"http:\/\/pacifichigh.de\/wp_ph_de\/index.php?rest_route=%2Fwp%2Fv2%2Fcomments&post=2096"}],"version-history":[{"count":0,"href":"http:\/\/pacifichigh.de\/wp_ph_de\/index.php?rest_route=\/wp\/v2\/pages\/2096\/revisions"}],"up":[{"embeddable":true,"href":"http:\/\/pacifichigh.de\/wp_ph_de\/index.php?rest_route=\/wp\/v2\/pages\/2521"}],"wp:attachment":[{"href":"http:\/\/pacifichigh.de\/wp_ph_de\/index.php?rest_route=%2Fwp%2Fv2%2Fmedia&parent=2096"}],"curies":[{"name":"wp","href":"https:\/\/api.w.org\/{rel}","templated":true}]}}