{"id":176,"date":"2008-11-08T10:21:48","date_gmt":"2008-11-08T11:21:48","guid":{"rendered":"http:\/\/blog.pacific-high.com\/?page_id=176"},"modified":"2008-11-08T10:21:48","modified_gmt":"2008-11-08T11:21:48","slug":"segelroute","status":"publish","type":"page","link":"http:\/\/pacifichigh.de\/wp_ph_de\/?page_id=176","title":{"rendered":"Segelroute: Planung von 2009"},"content":{"rendered":"<p><!--:de--><\/p>\n<p>&nbsp;<\/p>\n<p style=\"text-align: justify;\"><a href=\"http:\/\/blog.pacific-high.com\/wp-content\/uploads\/ph_kaufmann.jpg\" target=\"_blank\"><img loading=\"lazy\" class=\"alignright size-medium wp-image-637\" title=\"ph_kaufmann\" alt=\"\" src=\"http:\/\/blog.pacific-high.com\/wp-content\/uploads\/ph_kaufmann-165x300.jpg\" width=\"165\" height=\"300\" \/><\/a>Dies ist unsere Segelroute um die Welt wie wir sie am Beginn geplant hatten. Eigentlich stimmt das gar nicht: Erstens wollen wir ja nicht zu viel im voraus planen und zweitens ist die Route unvollst\u00e4ndig, d. h. sie endet zur Zeit in S\u00fcdafrika. Mit Sicherheit wollen wir uns von keinem enggesteckten Reiseplan abh\u00e4ngig machen, wir wollen jeden Ort unserer Reise der uns gef\u00e4llt intensiv erleben und nicht schon wieder weiter hasten nur um wirklich alles gesehen zu haben. Lieber weniger sehen und unter Umst\u00e4nden auch den ein oder anderen &#8220;H\u00f6hepunkt&#8221; auslassen um sich aber f\u00fcr das Jetzt und Hier ausreichend Zeit nehmen. Au\u00dferdem werden wir uns immer wieder Auszeiten nehmen um die Seele baumeln zu lassen und das Erlebte zu verarbeiten. Diese geplante Route ist also nicht mehr als eine vorl\u00e4ufige Wunschvorstellung und wir sch\u00e4tzen, dass sich diese noch des \u00f6fteren \u00e4ndern wird. So k\u00f6nnen und wollen wir am Start noch nicht absch\u00e4tzen wie lange unsere Reise \u00fcberhaupt dauern wird. Daf\u00fcr ist das Alles noch zu neu und fremd f\u00fcr uns. Um es mit den Worten unserer Kinder zu sagen: &#8220;&#8230; das m\u00fcssen wir erst austesten!&#8221;. Zwei Dinge haben wir vier Familienangeh\u00f6rige uns fest versprochen: wenn es einem von uns wirklich nicht gefallen sollte, oder einer von uns permanent seekrank wird, oder&#8230; dann werden wir die Reise nicht mit Gewalt fortsetzen. Wir haben aber auch beschlossen es mindestens ein halbes Jahr lang &#8220;durchzuziehen&#8221;!<\/p>\n<p style=\"text-align: justify;\">Nat\u00fcrlich braucht es grunds\u00e4tzlich eine gewisse Vorausplanung, da man nicht einfach zu jeder Jahreszeit jedes Segelrevier befahren kann. Auch nicht wenn man, so wie wir, die &#8220;einfache&#8221; klassische Barfu\u00dfroute nimmt. Ein hervorragendes Grundwissen erh\u00e4lt man in dem Buch &#8220;<span style=\"color: #ff6600;\">Segelrouten der Welt<\/span>&#8221; oder &#8220;<span style=\"color: #ff6600;\">Segeln \u00fcber Ozeane<\/span>&#8221; von <a title=\"Jimmy Cornell\" href=\"http:\/\/jimmycornell.com\/\" target=\"_blank\">Jimmy Cornell<\/a>, das ich w\u00e4rmstens empfehlen kann wie viele weitere seiner B\u00fccher. Sehr hilfreich sind auch die Seminare, B\u00fccher und die Internetseite von <a title=\"Bobby Schenk\" href=\"http:\/\/www.bobbyschenk.de\/\" target=\"_blank\">Bobby Schenk<\/a>.<\/p>\n<h3 style=\"text-align: justify;\"><strong><span style=\"color: #ff6600;\">Geplante Segelroute<\/span><\/strong><\/h3>\n<p><a href=\"http:\/\/blog.pacific-high.com\/wp-content\/uploads\/img_weltkarte.jpg\" target=\"_blank\"><img loading=\"lazy\" class=\"alignnone size-full wp-image-604\" title=\"img_weltkarte\" alt=\"\" src=\"http:\/\/blog.pacific-high.com\/wp-content\/uploads\/img_weltkarte.jpg\" width=\"700\" height=\"381\" \/><\/a><\/p>\n<p><span style=\"color: #ff6600;\"><strong>2009<\/strong><\/span><\/p>\n<p>\u00dcbernahme der <strong><span style=\"color: #ff6600;\">Pacific High<\/span><\/strong> in der Lagoon Werft (Bordeaux) Ende M\u00e4rz. Zwei Monate in La Rochelle um das Boot kennenzulernen, umzubauen und die Kinderkrankheiten so weit wie m\u00f6glich auszumerzen. Anfang Sommer \u00fcber die Biskaya nach Nordspanien, Portugal, bis nach Lissabon. Weiter nach Tanger und Casablanca um im fr\u00fchen Herbst auf den Kanaren zu sein. Warten auf ein g\u00fcnstiges Wetterfenster f\u00fcr die Atlantik\u00fcberfahrt in die Karibik.<\/p>\n<p><strong><span style=\"color: #ff6600;\">2010<\/span><\/strong><\/p>\n<p>Nordkaribik bis Anfang der Hurrican Season, dann USA Ostk\u00fcste bis New Hampshire (Indian Summer) und wieder zur\u00fcck via Florida Keys nach Kuba \/ Havanna<\/p>\n<p><strong><span style=\"color: #ff6600;\">2011<\/span><\/strong><\/p>\n<p>S\u00fcd Kuba (Cayos), Karibik in s\u00fcdlicher Richtung, Venezuela, Panama Kanal, Mittelamerika Westk\u00fcste<\/p>\n<p><strong><span style=\"color: #ff6600;\">2012<\/span><\/strong><\/p>\n<p>Mexiko Westk\u00fcste, Golf von Kalifornien, USA Westk\u00fcste (Los Angeles, Grand Canyon, San Francisco), Vancouver \/ Kanada, Rocky Mountains bis Banff, weiter nach Hawaii<\/p>\n<p><strong><span style=\"color: #ff6600;\">2013&#8230;<\/span><\/strong><\/p>\n<p>S\u00fcdsee, Neuseeland, wieder S\u00fcdsee, Australien, Asien, Malediven, Seychellen, S\u00fcdafrika&#8230;<\/p>\n<p><strong><span style=\"color: #ff6600;\">Aber das ist jetzt wirklich nur noch tr\u00e4umen&#8230;<\/span><\/strong><\/p>\n<p style=\"text-align: justify;\">\n<p>&nbsp;<\/p>\n<p><!--:--><!--:en--><\/p>\n<p>This is our sailing route around the world like we had planned it at the beginning. Actually, this is not right at all: First we don&#8217;t want arranged too much in advance and secondly the route is incomplete, viz. it ends in South Africa at the moment . With certainty we want to make ourselves dependent, from no narrow travel plan, we want to experience every place of our trip intensely and not again hurry further only to have seen everything. Rather see less and owing to circumstances also let out another &#8220;highlight&#8221;, however, take enough time for now and here. Moreover, we will take over and over again a timeout to take a break and to process the experienced. This planned route is not more than a temporary desirable image and we estimate the fact that this will still change quite often. In the early stages we are not able to estimate how long our trip will last generally.\u00a0 For\u00a0 this everything is still too new and strange to us. So as to say it with the words of our children: &#8220;&#8230; we must test this out!&#8221;.\u00a0 We four members of the family have promised two things to us: if one of us should not really like it, or one of us becomes constantly seasick, or&#8230; then we will not continue the trip by force. However, we have also decided &#8220;to pull it through&#8221; at least during half a year!<\/p>\n<p style=\"text-align: justify;\">Of course it needs basically a certain forwardplanning, because you cannot go on any area simply at every season, also not if one takes, as well as we do the\u00a0 &#8220;easy&#8221; classical barefooted route. You can receive an excellent grounding in the book &#8220;<span style=\"color: #ff6600;\">Segelrouten der Welt<\/span>&#8221; or &#8220;<span style=\"color: #ff6600;\">Segeln \u00fcber Ozeane<\/span>&#8221; by <a title=\"Jimmy Cornell\" href=\"http:\/\/jimmycornell.com\/\" target=\"_blank\">Jimmy Cornell<\/a>, I can highly recommend, as many further of his books. The seminars, books and the Internet site\u00a0 from <a title=\"Bobby Schenk\" href=\"http:\/\/www.bobbyschenk.de\/\" target=\"_blank\">Bobby Schenk<\/a>are also very helpful.<\/p>\n<h3 style=\"text-align: justify;\"><strong><span style=\"color: #ff6600;\">Planned sailingroute<\/span><\/strong><\/h3>\n<p><a href=\"http:\/\/blog.pacific-high.com\/wp-content\/uploads\/img_weltkarte.jpg\" target=\"_blank\"><img loading=\"lazy\" class=\"alignnone size-full wp-image-604\" title=\"img_weltkarte\" alt=\"\" src=\"http:\/\/blog.pacific-high.com\/wp-content\/uploads\/img_weltkarte.jpg\" width=\"700\" height=\"381\" \/><\/a><\/p>\n<p><span style=\"color: #ff6600;\"><strong>2009<\/strong><\/span><\/p>\n<p>Takeover of the <strong><span style=\"color: #ff6600;\">Pacific High<\/span><\/strong> in the Lagoon shipyard (Bordeaux) at the end of March. To get to know the boat stay around two months in La Rochelle, to do alterations and to eradicate the childhood disease so far as possible. At the beginning of summer over the Bay of Biscay to Northspain, Portugal, to Lisbon. Further to Tangier and Casablanca\u00a0 to be around in early autumn on the Canaries. Waiting for a favorable weather window for the Atlantic crossing to the Caribbean.<\/p>\n<p><strong><span style=\"color: #ff6600;\">2010<\/span><\/strong><\/p>\n<p>The north Caribbean till the beginning of the Hurrican Season, then the USA east coast to New Hampshire (Indian summer) and back again via Florida Cays to Cuba \/ Havana<\/p>\n<p><strong><span style=\"color: #ff6600;\">2011<\/span><\/strong><\/p>\n<p>The south Cuba (Cayos), the Caribbean in southern direction, Venezuela, Panama canal, Central America west coast<\/p>\n<p><strong><span style=\"color: #ff6600;\">2012<\/span><\/strong><\/p>\n<p>Mexico west coast, gulf of California, the USA west coast (Los Angeles, Grand Canyon, San Francisco), Vancouver \/ Canada, Rocky Mountains to Banff, further towards Hawaii<\/p>\n<p><strong><span style=\"color: #ff6600;\">2013&#8230;<\/span><\/strong><\/p>\n<p>The South Pacific, New Zealand, again the South Pacific, Australia, Asia, the Maldives, the Seychelles, Southafrica&#8230;<\/p>\n<p><strong><span style=\"color: #ff6600;\">But now this is real only dreaming&#8230;.<\/span><\/strong><\/p>\n<p>&nbsp;<\/p>\n<p><!--:--><!--:fr--><\/p>\n<p><!--:--><!--:it--><\/p>\n<p><!--:--><\/p>\n","protected":false},"excerpt":{"rendered":"<p>&nbsp; Dies ist unsere Segelroute um die Welt wie wir sie am Beginn geplant hatten. Eigentlich stimmt das gar nicht: Erstens wollen wir ja nicht zu viel im voraus planen und zweitens ist die Route unvollst\u00e4ndig, d. h. sie endet zur Zeit in S\u00fcdafrika. Mit Sicherheit wollen wir uns von keinem enggesteckten Reiseplan abh\u00e4ngig machen, [&hellip;]<\/p>\n","protected":false},"author":3,"featured_media":0,"parent":136,"menu_order":17,"comment_status":"closed","ping_status":"closed","template":"","meta":{"_s2mail":"yes","ngg_post_thumbnail":0},"_links":{"self":[{"href":"http:\/\/pacifichigh.de\/wp_ph_de\/index.php?rest_route=\/wp\/v2\/pages\/176"}],"collection":[{"href":"http:\/\/pacifichigh.de\/wp_ph_de\/index.php?rest_route=\/wp\/v2\/pages"}],"about":[{"href":"http:\/\/pacifichigh.de\/wp_ph_de\/index.php?rest_route=\/wp\/v2\/types\/page"}],"author":[{"embeddable":true,"href":"http:\/\/pacifichigh.de\/wp_ph_de\/index.php?rest_route=\/wp\/v2\/users\/3"}],"replies":[{"embeddable":true,"href":"http:\/\/pacifichigh.de\/wp_ph_de\/index.php?rest_route=%2Fwp%2Fv2%2Fcomments&post=176"}],"version-history":[{"count":0,"href":"http:\/\/pacifichigh.de\/wp_ph_de\/index.php?rest_route=\/wp\/v2\/pages\/176\/revisions"}],"up":[{"embeddable":true,"href":"http:\/\/pacifichigh.de\/wp_ph_de\/index.php?rest_route=\/wp\/v2\/pages\/136"}],"wp:attachment":[{"href":"http:\/\/pacifichigh.de\/wp_ph_de\/index.php?rest_route=%2Fwp%2Fv2%2Fmedia&parent=176"}],"curies":[{"name":"wp","href":"https:\/\/api.w.org\/{rel}","templated":true}]}}