{"id":172,"date":"2008-11-08T10:19:58","date_gmt":"2008-11-08T11:19:58","guid":{"rendered":"http:\/\/blog.pacific-high.com\/?page_id=172"},"modified":"2008-11-08T10:19:58","modified_gmt":"2008-11-08T11:19:58","slug":"preise","status":"publish","type":"page","link":"http:\/\/pacifichigh.de\/wp_ph_de\/?page_id=172","title":{"rendered":"Charter Preise"},"content":{"rendered":"<p><!--:de--><\/p>\n<p style=\"text-align: justify;\">Die Lagoon 500 wird im Allgemeinen als Charterboot f\u00fcr max. 12 Personen angeboten. Wir nehmen gerne zwei oder max. vier G\u00e4ste in den beiden Backbordkabinen mit. Sie haben also Ihr eigenes Reich, pardon Rumpf. Gerne sind auch Familien mit Kindern an Bord willkommen.<\/p>\n<p style=\"text-align: justify;\"><span style=\"color: #ffffff;\">.<\/span><\/p>\n<p style=\"text-align: justify;\"><a href=\" http:\/\/pacifichigh.de\/wp_ph_de\/wp-content\/uploads\/Blog_20130930_DSCN12541.jpg\"><img loading=\"lazy\" class=\"aligncenter size-medium wp-image-7504\" alt=\"Blog_20130930_DSCN1254\" src=\" http:\/\/pacifichigh.de\/wp_ph_de\/wp-content\/uploads\/Blog_20130930_DSCN12541-700x393.jpg\" width=\"700\" height=\"393\" \/><\/a><\/p>\n<p>&nbsp;<\/p>\n<p><span style=\"text-decoration: underline;\"><span style=\"font-size: medium;\">Der Charterpreis beinhaltet alle Leistungen an Bord wie:<\/span><\/span><\/p>\n<p>&nbsp;<\/p>\n<p>&#8211; Anzahl Betten \/ Kabinen auf der Pacific High gem\u00e4\u00df ihrer Buchung<\/p>\n<p>&#8211; inkl. Besatzung: 1 Skipper\/Koch\/etc.<\/p>\n<p>&#8211; volle Bordverpflegung inkl. Snacks (wir versuchen uns nach Ihren W\u00fcnschen, Geschmack zu richten)<\/p>\n<p>&#8211; alle Getr\u00e4nke (auch Bier, Wein und Cocktails)<\/p>\n<p>&#8211; Benutzung der Schiffseinrichtungen (TV, Video, WIFI-Internet, etc.)<\/p>\n<p>&#8211; Treibstoff, Wasser, Strom<\/p>\n<p>&#8211; Ausfl\u00fcge mit bordeigenen Mitteln (Kajak, Fahrr\u00e4der, Unternehmungen mit dem eigenen Beiboot, etc.)<\/p>\n<p>&#8211; Versicherung f\u00fcr das Boot und die Passagiere<\/p>\n<p>&#8211; Hafengeb\u00fchren je nach besuchten Inseln \/ Marine Parks<\/p>\n<p>&nbsp;<\/p>\n<p><span style=\"text-decoration: underline;\"><span style=\"font-size: medium;\">nicht im Charterpreis enthalten:<\/span><\/span><\/p>\n<p>&#8211; Transfers (wir holen aber Sie gerne direkt vom Flieger ab und bringen Sie auch wieder hin)<\/p>\n<p>&#8211; eigene Unternehmungen<\/p>\n<p>&#8211; Landausfl\u00fcge und Aktivit\u00e4ten \/ Tauchen<\/p>\n<p>&#8211; pers\u00f6nliche Ausgaben<\/p>\n<p style=\"text-align: justify;\">Unser <strong>Charterpreis<\/strong> betr\u00e4gt <strong>\u20ac 1.900,&#8211;<\/strong> und versteht sich <strong>pro Person und Woche<\/strong> d.h. der Preis f\u00fcr die Doppelkabine betr\u00e4gt \u20ac 3.800,&#8211;. Bitte beachten Sie, dass bei uns, im Unterschied zu vielen professionellen Vercharterern, praktisch alle Leistungen eingeschlossen sind. Wir haben keine Lust am Ende ihres Traumurlaubes mit Ihnen die Getr\u00e4nke abzurechnen und Ihnen jedes Bier oder Glas Wein aufzuz\u00e4hlen. Sie sollen sich schlie\u00dflich bei uns an Bord wohlf\u00fchlen und Ihren Traumurlaub genie\u00dfen!<\/p>\n<p style=\"text-align: justify;\">F\u00fcr Sonderarrangements, Preisnachl\u00e4sse f\u00fcr Kinder oder Kabinen zur Einzelbenutzung bitten wir Sie direkt eine Mail an uns zu schicken. Wir freuen uns auf Ihre Charteranfrage die Sie im n\u00e4chsten Men\u00fcpunkt stellen k\u00f6nnen! Bitte teilen Sie uns auf jeden Fall Ihren Wunschtermin, Ankunfts- und Abflug- Flughafen mit!<\/p>\n<p style=\"text-align: justify;\"><a href=\" http:\/\/pacifichigh.de\/wp_ph_de\/wp-content\/uploads\/Blog_20130930_KK_L6959.jpg\"><img loading=\"lazy\" class=\"aligncenter size-medium wp-image-7400\" alt=\"Blog_20130930_KK_L6959\" src=\" http:\/\/pacifichigh.de\/wp_ph_de\/wp-content\/uploads\/Blog_20130930_KK_L6959-700x466.jpg\" width=\"700\" height=\"466\" \/><\/a><\/p>\n<p><!--:--><\/p>\n","protected":false},"excerpt":{"rendered":"<p>Die Lagoon 500 wird im Allgemeinen als Charterboot f\u00fcr max. 12 Personen angeboten. Wir nehmen gerne zwei oder max. vier G\u00e4ste in den beiden Backbordkabinen mit. Sie haben also Ihr eigenes Reich, pardon Rumpf. Gerne sind auch Familien mit Kindern an Bord willkommen. . &nbsp; Der Charterpreis beinhaltet alle Leistungen an Bord wie: &nbsp; &#8211; [&hellip;]<\/p>\n","protected":false},"author":2,"featured_media":0,"parent":164,"menu_order":36,"comment_status":"closed","ping_status":"closed","template":"","meta":{"_s2mail":"yes","ngg_post_thumbnail":0},"_links":{"self":[{"href":"http:\/\/pacifichigh.de\/wp_ph_de\/index.php?rest_route=\/wp\/v2\/pages\/172"}],"collection":[{"href":"http:\/\/pacifichigh.de\/wp_ph_de\/index.php?rest_route=\/wp\/v2\/pages"}],"about":[{"href":"http:\/\/pacifichigh.de\/wp_ph_de\/index.php?rest_route=\/wp\/v2\/types\/page"}],"author":[{"embeddable":true,"href":"http:\/\/pacifichigh.de\/wp_ph_de\/index.php?rest_route=\/wp\/v2\/users\/2"}],"replies":[{"embeddable":true,"href":"http:\/\/pacifichigh.de\/wp_ph_de\/index.php?rest_route=%2Fwp%2Fv2%2Fcomments&post=172"}],"version-history":[{"count":0,"href":"http:\/\/pacifichigh.de\/wp_ph_de\/index.php?rest_route=\/wp\/v2\/pages\/172\/revisions"}],"up":[{"embeddable":true,"href":"http:\/\/pacifichigh.de\/wp_ph_de\/index.php?rest_route=\/wp\/v2\/pages\/164"}],"wp:attachment":[{"href":"http:\/\/pacifichigh.de\/wp_ph_de\/index.php?rest_route=%2Fwp%2Fv2%2Fmedia&parent=172"}],"curies":[{"name":"wp","href":"https:\/\/api.w.org\/{rel}","templated":true}]}}