{"id":170,"date":"2008-11-08T10:19:32","date_gmt":"2008-11-08T11:19:32","guid":{"rendered":"http:\/\/blog.pacific-high.com\/?page_id=170"},"modified":"2008-11-08T10:19:32","modified_gmt":"2008-11-08T11:19:32","slug":"reiserouten","status":"publish","type":"page","link":"http:\/\/pacifichigh.de\/wp_ph_de\/?page_id=170","title":{"rendered":"Was erwartet Sie&#8230;"},"content":{"rendered":"<p><!--:de--><\/p>\n<p style=\"text-align: justify;\">Wir sind eine Seglerfamilie die seit \u00fcber 4 Jahren mit unserem Hochseekatamaran die Weltmeere besegelt. Wir sind offen und kontaktfreudig, eher ruhig und gesellig, lieben das Meer und sind immer bereit die Welt zu erkunden. Wir w\u00fcrden gern unsere Begeisterung f\u00fcr das Segeln, das Meer und die traumhafte Natur mit anderen teilen. Wir sehen dies als eine Bereicherung unseres Segleralltages an.<\/p>\n<p style=\"text-align: justify;\"><a href=\" http:\/\/pacifichigh.de\/wp_ph_de\/wp-content\/uploads\/Blog_20130930_DSCN1254.jpg\"><img loading=\"lazy\" class=\"aligncenter size-medium wp-image-7384\" alt=\"Blog_20130930_DSCN1254\" src=\" http:\/\/pacifichigh.de\/wp_ph_de\/wp-content\/uploads\/Blog_20130930_DSCN1254-700x393.jpg\" width=\"700\" height=\"393\" \/><\/a><\/p>\n<p style=\"text-align: justify;\">Tauchen Sie ein in das Leben einer Weltumsegler Familie! Genie\u00dfen Sie das angenehme und schnelle Segeln auf unserer Lagoon 500. Die Kraft des Windes zu sp\u00fcren wenn wir zum Beispiel unter Spinnaker (Parasailor) mit \u00fcber 10kn dahingleiten. Dabei auf der Flybridge gem\u00fctlich Kaffee oder ein Glas Wein trinken, weil sich unser Katamaran selbst bei 2m Welle kaum aus der Ruhe zu bringen l\u00e4sst. Erleben Sie mit uns atemberaubende einsame Str\u00e4nde und Buchten, vertr\u00e4umte Fischerorte aber auch das quirlige Nachtleben malerischer K\u00fcstenpromenaden. Wir k\u00f6nnen uns individuell auf Ihren Stil, ihre W\u00fcnsche einstellen und zum Beispiel unseren T\u00f6rn mehr auf Kultur, Land und Leute ausrichten, oder auf anspruchsvolles Segeln &#8211; auch mit Nacht T\u00f6rns. Wenn Sie m\u00f6chten, legen wir h\u00e4ufiger in Marina\u2019s an und probieren exotische Restaurants aus, um danach in das bunte Nachtleben eintauchen. Wenn Sie es lieber ruhiger angehen m\u00f6chten, steuern wir malerische Buchten an, abseits der Touristenstr\u00f6me. Wir fahren mit unserem Dinghi \u00fcber Fl\u00fcsse weit durch den Dschungel, oder erkunden das Landesinnere mit dem Allrad Jeep, auf Pferden oder wandern auf Schusters Rappen. Bestimmt werden uns auf unseren Passagen zwischen den Inseln Delfin Schulen begleiten, vielleicht werden wir auch Buckelwale zu sichten und mit etwas Gl\u00fcck k\u00f6nnen wir sogar mit den Walen schwimmen.<\/p>\n<p style=\"text-align: justify;\">Wir essen und kochen sehr gerne und w\u00fcrden unsere K\u00fcche als mediteran bezeichnen. Gerne machen wir aber auch einen Ausflug in die asiatische und deutsche K\u00fcche.<\/p>\n<p style=\"text-align: justify;\">An Bord der Pacific High k\u00f6nnen wir Ihnen den Komfort eines vollausgestatteten Hochseekatamarans bieten, ganz wie Sie es von zu Hause gewohnt sind. Bevor wir unser gemeinsames Abenteuer starten, m\u00f6chten wir Sie ein wenig kennen lernen. Dies kann per Mail und per Telefon geschehen. Sie kennen uns durch unsere Internetseiten schon recht gut, wir sind aber auch neugierig auf Sie und w\u00fcrden gerne wissen, mit wem wir zusammen segeln werden. Auch k\u00f6nnen wir vorab schon gemeinsam die Reise planen&#8230;<\/p>\n<p><!--:--><!--:en--><\/p>\n<p><!--:--><\/p>\n","protected":false},"excerpt":{"rendered":"<p>Wir sind eine Seglerfamilie die seit \u00fcber 4 Jahren mit unserem Hochseekatamaran die Weltmeere besegelt. Wir sind offen und kontaktfreudig, eher ruhig und gesellig, lieben das Meer und sind immer bereit die Welt zu erkunden. Wir w\u00fcrden gern unsere Begeisterung f\u00fcr das Segeln, das Meer und die traumhafte Natur mit anderen teilen. Wir sehen dies [&hellip;]<\/p>\n","protected":false},"author":2,"featured_media":0,"parent":164,"menu_order":33,"comment_status":"closed","ping_status":"closed","template":"","meta":{"_s2mail":"yes","ngg_post_thumbnail":0},"_links":{"self":[{"href":"http:\/\/pacifichigh.de\/wp_ph_de\/index.php?rest_route=\/wp\/v2\/pages\/170"}],"collection":[{"href":"http:\/\/pacifichigh.de\/wp_ph_de\/index.php?rest_route=\/wp\/v2\/pages"}],"about":[{"href":"http:\/\/pacifichigh.de\/wp_ph_de\/index.php?rest_route=\/wp\/v2\/types\/page"}],"author":[{"embeddable":true,"href":"http:\/\/pacifichigh.de\/wp_ph_de\/index.php?rest_route=\/wp\/v2\/users\/2"}],"replies":[{"embeddable":true,"href":"http:\/\/pacifichigh.de\/wp_ph_de\/index.php?rest_route=%2Fwp%2Fv2%2Fcomments&post=170"}],"version-history":[{"count":0,"href":"http:\/\/pacifichigh.de\/wp_ph_de\/index.php?rest_route=\/wp\/v2\/pages\/170\/revisions"}],"up":[{"embeddable":true,"href":"http:\/\/pacifichigh.de\/wp_ph_de\/index.php?rest_route=\/wp\/v2\/pages\/164"}],"wp:attachment":[{"href":"http:\/\/pacifichigh.de\/wp_ph_de\/index.php?rest_route=%2Fwp%2Fv2%2Fmedia&parent=170"}],"curies":[{"name":"wp","href":"https:\/\/api.w.org\/{rel}","templated":true}]}}