{"id":166,"date":"2008-11-08T10:17:40","date_gmt":"2008-11-08T11:17:40","guid":{"rendered":"http:\/\/blog.pacific-high.com\/?page_id=166"},"modified":"2008-11-08T10:17:40","modified_gmt":"2008-11-08T11:17:40","slug":"traumurlaub-unter-segeln","status":"publish","type":"page","link":"http:\/\/pacifichigh.de\/wp_ph_de\/?page_id=166","title":{"rendered":"Traumurlaub unter Segeln"},"content":{"rendered":"<p><!--:de--><\/p>\n<p style=\"text-align: justify;\">Sanft schlagen die Wellen gegen den Schiffsrumpf, der durch kristallklares Wasser gleitet. Eine Gruppe Delphine begleiten das Schiff eine Zeitlang und springen vor dem Bug der Pacific High&#8230;<\/p>\n<p style=\"text-align: justify;\">Haben Sie Ihren Traumurlaub f\u00fcr dieses Jahr bereits geplant? Bestimmt haben Sie schon in einigen wundersch\u00f6nen Hotels \u00fcbernachtet, und von dort aus interessante Urlaubsziele bereist.\u00a0 Wie w\u00e4re es denn, wenn das Hotel diesmal Sie w\u00e4hrend Ihrer Reise begleitet? Anstatt 14 Tage lang immer den selben Strand, so sch\u00f6n er auch sein mag, von Ihrem Hotelzimmer aus zu sehen, erleben Sie auf der \u201cPacific High\u201d so viele Traumstr\u00e4nde Sie sich w\u00fcnschen und k\u00f6nnen diese schon vor dem Aufstehen durch die Panoramafenster in Ihrer Kabine bewundern. Gern sind wir Ihnen behilflich, wenn Sie die sch\u00f6nsten Wochen des Jahres auf der Pacific-High verbringen m\u00f6chten.<\/p>\n<p style=\"text-align: justify;\"><a href=\" http:\/\/pacifichigh.de\/wp_ph_de\/wp-content\/uploads\/Blog_20130930_KK_L6959.jpg\"><img loading=\"lazy\" class=\"aligncenter size-medium wp-image-7400\" alt=\"Blog_20130930_KK_L6959\" src=\" http:\/\/pacifichigh.de\/wp_ph_de\/wp-content\/uploads\/Blog_20130930_KK_L6959-700x466.jpg\" width=\"700\" height=\"466\" \/><\/a><\/p>\n<p style=\"text-align: justify;\">Mittlerweile k\u00f6nnen Sie \u00fcberall auf der Welt Yachten chartern. Wie unterscheiden wir uns, was bedeutet <b>Traumzeit unter Segeln<\/b> auf der Pacific High?<\/p>\n<p style=\"text-align: justify;\">Wir denken, das es zwei Faktoren sind, die uns von einem klassischen Charter unterscheiden. Zum einen, das herzliche, famili\u00e4re \u201eWillkommen sein\u201c an Bord, gepaart mit profunden Segel- und Revierkenntnissen. Sie chartern mit der Pacific High nicht irgendeinen 50Fu\u00df Kat, der vom Vercharterer m\u00f6glichst rentabel (sprich kosteng\u00fcnstig) ausgestattet wurde, auch wenn sich die Beschreibungen immer ganz toll anh\u00f6ren. Sie buchen mit uns keine anonyme Crew, die ihre vorgegebenen Wegpunkte anf\u00e4hrt (sprichw\u00f6rtlich: denn wir sehen Charterkats meistens motoren, w\u00e4hrend wir mit unserem Spi und Gennaker noch segeln k\u00f6nnen und wollen). Uns liegt es am Herzen, Ihnen so viel wie m\u00f6glich von diesem traumhaften Segelrevier zu zeigen, Sie so weit wie m\u00f6glich am Segelerlebnis teilhaben zu lassen, Sie zu verw\u00f6hnen&#8230; Ihren Urlaub zu einem unvergesslichen Erlebnis zu gestallten&#8230;<\/p>\n<p style=\"text-align: justify;\">Dazu kommt ein Urlaub jenseits vom Massentourismus. Sie segeln mit uns zu Buchten, Wasserf\u00e4llen und atemberaubenden Landschaften die sonst kaum jemand erreicht, da wir erstens jedes neue Revier uns erst selber er segeln \/ erkunden bevor wir es Ihnen zeigen und zweitens, weil die Pacific High, trotz ihrer Gr\u00f6\u00dfe, nur einen Tiefgang von 1,40m aufweist. Sie k\u00f6nnen sich auf eine erfahrene Crew und Skipper verlassen mit einer modernen Yacht die h\u00f6chste Komfort- und Sicherheitsstandards ausweist. Wir nehmen maximal 4 (vier) G\u00e4ste auf eine Reise mit (Ausnahmen sind Familien mit Kindern, die das Boot komplett chartern). Sie haben also alle Annehmlichkeiten an Bord und den ganzen Backbordrumpf, mit 15m L\u00e4nge, f\u00fcr sich alleine.<\/p>\n<p style=\"text-align: justify;\">Welchen <b>Komfort<\/b> &amp; <b>Luxus<\/b> bietet Ihnen die Pacific High? Den <b>Komfort<\/b> eines aufrecht segelnden gro\u00dfen Katamarans: auf der Pacific High m\u00fcssen wir morgens nicht in aller Hektik den Fr\u00fchst\u00fcckstisch abr\u00e4umen bevor wir aus der Bucht auslaufen. Sie k\u00f6nnen gern die Kaffeetasse oder die Gl\u00e4ser stehen lassen! W\u00e4hrend andere Segler abends vom Schwell am Liegeplatz arg gebeutelt werden, wiegt sich die Pacific High nur leicht in den Wellen w\u00e4hrend Sie Ihren <b>Sundowner<\/b> genie\u00dfen. Beide <b>G\u00e4stekabinen<\/b> sind f\u00fcr Seglerverh\u00e4ltnisse sehr gro\u00dfz\u00fcgig geschnitten und verf\u00fcgen \u00fcber ein Doppelbett (1,60m x 2,00m), ein Bad mit gro\u00dfem Spiegelschrank, elektrischer S\u00fc\u00dfwasser Toilette und getrennter Dusche. Das ganze Boot ist klimatsiert und verf\u00fcgt \u00fcber f\u00fcnf getrennte <b>Klimaanlagen<\/b> (im Salon und jeder Kabine) die nat\u00fcrlich in jedem Raum individuell geregelt werden k\u00f6nnen.\u00a0 Wir sind von H\u00e4fen und Marinas unabh\u00e4ngig, da wir unseren Strom und unser Frischwasser selbst produzieren. Wir haben <b>zwei Stromnetze (220Volt und 12Volt)<\/b> an Bord, die von unseren Solarzellen, den Motoren und dem Generator versorgt werden. Der <b>Wassermacher<\/b> produziert S\u00fc\u00dfwasser in ausreichenden Mengen, so dass wir die 1000l Wassertanks nie komplett f\u00fcllen m\u00fcssen. Die Pantry (K\u00fcche) ist \u00fcberkomplett mit einem Induktionskochfeld, Grill, Tepan Yaki, modernem Backofen, Mirowelle, <b>Geschirrsp\u00fcler<\/b>, Kaffeemaschine, Wasserkocher, etc. ausgestattet. Wir haben eine <b>Audio und Video Anlage<\/b> an Bord mit einer umfangreichen Sammlung an Videos und Musik an Bord.<\/p>\n<p style=\"text-align: justify;\"><a href=\" http:\/\/pacifichigh.de\/wp_ph_de\/wp-content\/uploads\/Blog_20130112_IMG_2169.jpg\"><img loading=\"lazy\" class=\"aligncenter size-medium wp-image-7401\" alt=\"Blog_20130112_IMG_2169\" src=\" http:\/\/pacifichigh.de\/wp_ph_de\/wp-content\/uploads\/Blog_20130112_IMG_2169-700x393.jpg\" width=\"700\" height=\"393\" \/><\/a><\/p>\n<p><!--:--><!--:en--><\/p>\n<p style=\"text-align: justify;\">\n<p style=\"text-align: justify;\">\n<p style=\"text-align: center;\">Genie\u00dfen Sie wei\u00dfe Segel im Wind und lassen Sie die Seele baumeln.<\/p>\n<p><!--:--><\/p>\n","protected":false},"excerpt":{"rendered":"<p>Sanft schlagen die Wellen gegen den Schiffsrumpf, der durch kristallklares Wasser gleitet. Eine Gruppe Delphine begleiten das Schiff eine Zeitlang und springen vor dem Bug der Pacific High&#8230; Haben Sie Ihren Traumurlaub f\u00fcr dieses Jahr bereits geplant? Bestimmt haben Sie schon in einigen wundersch\u00f6nen Hotels \u00fcbernachtet, und von dort aus interessante Urlaubsziele bereist.\u00a0 Wie w\u00e4re [&hellip;]<\/p>\n","protected":false},"author":2,"featured_media":0,"parent":164,"menu_order":31,"comment_status":"closed","ping_status":"closed","template":"","meta":{"_s2mail":"yes","ngg_post_thumbnail":0},"_links":{"self":[{"href":"http:\/\/pacifichigh.de\/wp_ph_de\/index.php?rest_route=\/wp\/v2\/pages\/166"}],"collection":[{"href":"http:\/\/pacifichigh.de\/wp_ph_de\/index.php?rest_route=\/wp\/v2\/pages"}],"about":[{"href":"http:\/\/pacifichigh.de\/wp_ph_de\/index.php?rest_route=\/wp\/v2\/types\/page"}],"author":[{"embeddable":true,"href":"http:\/\/pacifichigh.de\/wp_ph_de\/index.php?rest_route=\/wp\/v2\/users\/2"}],"replies":[{"embeddable":true,"href":"http:\/\/pacifichigh.de\/wp_ph_de\/index.php?rest_route=%2Fwp%2Fv2%2Fcomments&post=166"}],"version-history":[{"count":0,"href":"http:\/\/pacifichigh.de\/wp_ph_de\/index.php?rest_route=\/wp\/v2\/pages\/166\/revisions"}],"up":[{"embeddable":true,"href":"http:\/\/pacifichigh.de\/wp_ph_de\/index.php?rest_route=\/wp\/v2\/pages\/164"}],"wp:attachment":[{"href":"http:\/\/pacifichigh.de\/wp_ph_de\/index.php?rest_route=%2Fwp%2Fv2%2Fmedia&parent=166"}],"curies":[{"name":"wp","href":"https:\/\/api.w.org\/{rel}","templated":true}]}}