{"id":1584,"date":"2009-03-17T20:30:51","date_gmt":"2009-03-17T21:30:51","guid":{"rendered":" http:\/\/pacifichigh.de\/wp_ph_de\/?page_id=1584"},"modified":"2009-03-17T20:30:51","modified_gmt":"2009-03-17T21:30:51","slug":"panorama-2003","status":"publish","type":"page","link":"http:\/\/pacifichigh.de\/wp_ph_de\/?page_id=1584","title":{"rendered":"Panorama 2003"},"content":{"rendered":"<p><!--:de--><\/p>\n<p style=\"text-align: justify;\">Wir waren oft im Olympiapark. An der leichten, zeitlosen Architektur des Olympiastadiums kann man sich gar nicht satt sehen. Rechts neben dem Olympiaturm sieht man den BMW 4-Zylinder.<\/p>\n<figure id=\"attachment_1478\" aria-describedby=\"caption-attachment-1478\" style=\"width: 690px\" class=\"wp-caption alignleft\"><a href=\" http:\/\/pacifichigh.de\/wp_ph_de\/wp-content\/uploads\/2003_olympiapark.jpg\" target=\"_blank\"><img loading=\"lazy\" class=\"size-large wp-image-1478\" title=\"2003_olympiapark\" alt=\"Olympia Park M\u00fcnchen im Herbst\" src=\" http:\/\/pacifichigh.de\/wp_ph_de\/wp-content\/uploads\/2003_olympiapark-1024x269.jpg\" width=\"690\" height=\"181\" \/><\/a><figcaption id=\"caption-attachment-1478\" class=\"wp-caption-text\">Olympia Park M\u00fcnchen im Herbst<\/figcaption><\/figure>\n<p>.<\/p>\n<p style=\"text-align: justify;\">Nicht immer&#8230; aber immer \u00f6fter habe ich meine Spiegelreflexkamera dabei. So auch gl\u00fccklicherweise an diesem Morgen auf dem Weg zur Arbeit &#8211; das Panorama ist so gegen 6:30 Uhr Morgens entstanden.<\/p>\n<figure id=\"attachment_1477\" aria-describedby=\"caption-attachment-1477\" style=\"width: 690px\" class=\"wp-caption alignleft\"><a href=\" http:\/\/pacifichigh.de\/wp_ph_de\/wp-content\/uploads\/2003_morgenstimmung.jpg\" target=\"_blank\"><img loading=\"lazy\" class=\"size-large wp-image-1477\" title=\"2003_morgenstimmung\" alt=\"2003_morgenstimmung\" src=\" http:\/\/pacifichigh.de\/wp_ph_de\/wp-content\/uploads\/2003_morgenstimmung-1024x186.jpg\" width=\"690\" height=\"125\" \/><\/a><figcaption id=\"caption-attachment-1477\" class=\"wp-caption-text\">Morgenstimmung bei Pfaffenhofen (&#8230; auf dem Weg zur Arbeit)<\/figcaption><\/figure>\n<p>.<\/p>\n<p>Hong Kong ist mir sehr ans Herz gewachsen. Ich war in den letzten neun Jahren \u00f6fters dort um meinen Freund Boris und seine Familie zu besuchen. Der altehrw\u00fcrdige britische Kolonialstyl im Kontrast zu den hypermodernen Wolkenkratzern mit ihren blankpolierten Glas und Marmor Fassaden &#8211; die ruhigen Hinterh\u00f6fe, wo man den alten M\u00e4nnern stundenlang beim Brettspiel zusehen kann im Kontrast zur Hecktik des Nightlife einer vor Lebenslust \u00fcbersch\u00e4umenden Metropole, haben mich in ihren Bann gezogen!<\/p>\n<figure id=\"attachment_1475\" aria-describedby=\"caption-attachment-1475\" style=\"width: 690px\" class=\"wp-caption alignleft\"><a href=\" http:\/\/pacifichigh.de\/wp_ph_de\/wp-content\/uploads\/2003_hongkong_01.jpg\" target=\"_blank\"><img loading=\"lazy\" class=\"size-large wp-image-1475\" title=\"2003_hongkong_01\" alt=\"Die Skyline von Hongkong bei Nacht\" src=\" http:\/\/pacifichigh.de\/wp_ph_de\/wp-content\/uploads\/2003_hongkong_01-1024x286.jpg\" width=\"690\" height=\"192\" \/><\/a><figcaption id=\"caption-attachment-1475\" class=\"wp-caption-text\">Die Skyline von Hongkong bei Nacht<\/figcaption><\/figure>\n<figure id=\"attachment_1476\" aria-describedby=\"caption-attachment-1476\" style=\"width: 690px\" class=\"wp-caption alignleft\"><a href=\" http:\/\/pacifichigh.de\/wp_ph_de\/wp-content\/uploads\/2003_hongkong_02.jpg\" target=\"_blank\"><img loading=\"lazy\" class=\"size-large wp-image-1476\" title=\"2003_hongkong_02\" alt=\"Hongkong: eine begeisternde Stadt!\" src=\" http:\/\/pacifichigh.de\/wp_ph_de\/wp-content\/uploads\/2003_hongkong_02-1024x102.jpg\" width=\"690\" height=\"75\" \/><\/a><figcaption id=\"caption-attachment-1476\" class=\"wp-caption-text\">Hongkong: eine begeisternde Stadt!<\/figcaption><\/figure>\n<p><!--:--><\/p>\n","protected":false},"excerpt":{"rendered":"<p>Wir waren oft im Olympiapark. An der leichten, zeitlosen Architektur des Olympiastadiums kann man sich gar nicht satt sehen. Rechts neben dem Olympiaturm sieht man den BMW 4-Zylinder. . Nicht immer&#8230; aber immer \u00f6fter habe ich meine Spiegelreflexkamera dabei. So auch gl\u00fccklicherweise an diesem Morgen auf dem Weg zur Arbeit &#8211; das Panorama ist so [&hellip;]<\/p>\n","protected":false},"author":2,"featured_media":0,"parent":178,"menu_order":0,"comment_status":"closed","ping_status":"closed","template":"","meta":{"_s2mail":"yes","ngg_post_thumbnail":0},"_links":{"self":[{"href":"http:\/\/pacifichigh.de\/wp_ph_de\/index.php?rest_route=\/wp\/v2\/pages\/1584"}],"collection":[{"href":"http:\/\/pacifichigh.de\/wp_ph_de\/index.php?rest_route=\/wp\/v2\/pages"}],"about":[{"href":"http:\/\/pacifichigh.de\/wp_ph_de\/index.php?rest_route=\/wp\/v2\/types\/page"}],"author":[{"embeddable":true,"href":"http:\/\/pacifichigh.de\/wp_ph_de\/index.php?rest_route=\/wp\/v2\/users\/2"}],"replies":[{"embeddable":true,"href":"http:\/\/pacifichigh.de\/wp_ph_de\/index.php?rest_route=%2Fwp%2Fv2%2Fcomments&post=1584"}],"version-history":[{"count":0,"href":"http:\/\/pacifichigh.de\/wp_ph_de\/index.php?rest_route=\/wp\/v2\/pages\/1584\/revisions"}],"up":[{"embeddable":true,"href":"http:\/\/pacifichigh.de\/wp_ph_de\/index.php?rest_route=\/wp\/v2\/pages\/178"}],"wp:attachment":[{"href":"http:\/\/pacifichigh.de\/wp_ph_de\/index.php?rest_route=%2Fwp%2Fv2%2Fmedia&parent=1584"}],"curies":[{"name":"wp","href":"https:\/\/api.w.org\/{rel}","templated":true}]}}