{"id":1373,"date":"2009-02-08T06:58:07","date_gmt":"2009-02-08T07:58:07","guid":{"rendered":" http:\/\/pacifichigh.de\/wp_ph_de\/?page_id=1373"},"modified":"2009-02-08T06:58:07","modified_gmt":"2009-02-08T07:58:07","slug":"gastebuch","status":"publish","type":"page","link":"http:\/\/pacifichigh.de\/wp_ph_de\/?page_id=1373","title":{"rendered":"G\u00e4stebuch"},"content":{"rendered":"<p><!--:de-->Danke dass Ihr Euch f\u00fcr unser G\u00e4stebuch interessiert!<\/p>\n<p>Jetzt w\u00e4re doch der richtige Zeitpunkt uns ein paar Zeilen zu schreiben. Wir freuen uns auf Eure Kommentare!<\/p>\n<p><!--:--><!--:fr-->Mercie de votre int\u00e9r\u00eat pour notre livre d\u2019or! Maintenant serait le bon moment de nous \u00e9crire quelques lignes.<\/p>\n<p><!--:--><!--:en-->Thank you for your interest in our guestbook! Now would be the right moment to send us a few lines with your comments. We\u2019re looking forward to your entries!<\/p>\n<p><!--:--><!--:it-->Grazie per il vostro interesse nel nostro guestbook! Ora sarebbe il giusto momento di scriverci alcune righe! Attendiamo con impazienza le vostre osservazioni!<!--:--><\/p>\n","protected":false},"excerpt":{"rendered":"<p>Danke dass Ihr Euch f\u00fcr unser G\u00e4stebuch interessiert! Jetzt w\u00e4re doch der richtige Zeitpunkt uns ein paar Zeilen zu schreiben. Wir freuen uns auf Eure Kommentare! Mercie de votre int\u00e9r\u00eat pour notre livre d\u2019or! Maintenant serait le bon moment de nous \u00e9crire quelques lignes. Thank you for your interest in our guestbook! Now would be [&hellip;]<\/p>\n","protected":false},"author":2,"featured_media":7657,"parent":212,"menu_order":81,"comment_status":"closed","ping_status":"closed","template":"","meta":{"_s2mail":"yes","ngg_post_thumbnail":0},"_links":{"self":[{"href":"http:\/\/pacifichigh.de\/wp_ph_de\/index.php?rest_route=\/wp\/v2\/pages\/1373"}],"collection":[{"href":"http:\/\/pacifichigh.de\/wp_ph_de\/index.php?rest_route=\/wp\/v2\/pages"}],"about":[{"href":"http:\/\/pacifichigh.de\/wp_ph_de\/index.php?rest_route=\/wp\/v2\/types\/page"}],"author":[{"embeddable":true,"href":"http:\/\/pacifichigh.de\/wp_ph_de\/index.php?rest_route=\/wp\/v2\/users\/2"}],"replies":[{"embeddable":true,"href":"http:\/\/pacifichigh.de\/wp_ph_de\/index.php?rest_route=%2Fwp%2Fv2%2Fcomments&post=1373"}],"version-history":[{"count":0,"href":"http:\/\/pacifichigh.de\/wp_ph_de\/index.php?rest_route=\/wp\/v2\/pages\/1373\/revisions"}],"up":[{"embeddable":true,"href":"http:\/\/pacifichigh.de\/wp_ph_de\/index.php?rest_route=\/wp\/v2\/pages\/212"}],"wp:featuredmedia":[{"embeddable":true,"href":"http:\/\/pacifichigh.de\/wp_ph_de\/index.php?rest_route=\/"}],"wp:attachment":[{"href":"http:\/\/pacifichigh.de\/wp_ph_de\/index.php?rest_route=%2Fwp%2Fv2%2Fmedia&parent=1373"}],"curies":[{"name":"wp","href":"https:\/\/api.w.org\/{rel}","templated":true}]}}