{"id":1128,"date":"2008-11-25T08:37:49","date_gmt":"2008-11-25T09:37:49","guid":{"rendered":" http:\/\/pacifichigh.de\/wp_ph_de\/?page_id=1128"},"modified":"2008-11-25T08:37:49","modified_gmt":"2008-11-25T09:37:49","slug":"firmen-befreundet","status":"publish","type":"page","link":"http:\/\/pacifichigh.de\/wp_ph_de\/?page_id=1128","title":{"rendered":"Weitere Links"},"content":{"rendered":"<p><!--:de--><\/p>\n<p style=\"text-align: justify;\"><a title=\"Tahiti-Catamaran-Charter\" href=\"http:\/\/www.tahiti-catamaran-charter.com\/\" target=\"_blank\">TAHITI-CATAMARAN-CHARTER<\/a>: Unser Freund Pierre bietet Charterreisen auf seinem schnellen Katamaran Nusa Dua in Franz\u00f6sisch-Polynesien an. Da er schon mehrere Jahre hier vor Ort ist, kennt er das Revier nat\u00fcrlich wie seine Westentasche. Pierre spricht Englisch, Italienisch und nat\u00fcrlich Franz\u00f6sisch.<a href=\"http:\/\/www.tahiti-catamaran-charter.com\/\" target=\"_blank\"><img loading=\"lazy\" class=\"aligncenter size-full wp-image-8217\" alt=\"polynesie1-charter-catamaran-welcome\" src=\" http:\/\/pacifichigh.de\/wp_ph_de\/wp-content\/uploads\/polynesie1-charter-catamaran-welcome.jpg\" width=\"257\" height=\"150\" \/><\/a><\/p>\n<p style=\"text-align: justify;\"><a title=\"Corail Caraibes\" href=\"http:\/\/www.corail-caraibes.com\/franc\/bases_catamarans.htm\" target=\"_blank\"><span style=\"color: #ff6600;\"><strong>CORAIL CARAIBES<\/strong><\/span><\/a>: Charterbasis f\u00fcr Katamarane auf Martinique und Guadeloupe und Lagoon H\u00e4ndler. Bei Hubert Tanguy haben wir unsere Lagoon gekauft und sind bis heute von seinem Service und seiner Kompetenz \u00fcberzeugt. Wir k\u00f6nnen Hubert nur w\u00e4rmstens empfehlen!<a href=\" http:\/\/pacifichigh.de\/wp_ph_de\/wp-content\/uploads\/corail_caraibes_1.gif\"><img loading=\"lazy\" class=\"alignright size-full wp-image-1067\" title=\"corail_caraibes_1\" alt=\"\" src=\" http:\/\/pacifichigh.de\/wp_ph_de\/wp-content\/uploads\/corail_caraibes_1.gif\" width=\"94\" height=\"126\" \/><\/a><\/p>\n<p style=\"text-align: justify;\">.<\/p>\n<p style=\"text-align: justify;\">.<\/p>\n<p style=\"text-align: justify;\">.<a href=\" http:\/\/pacifichigh.de\/wp_ph_de\/wp-content\/uploads\/freediver_logo.gif\"><img loading=\"lazy\" class=\"alignright size-thumbnail wp-image-1362\" title=\"freediver_logo\" alt=\"\" src=\" http:\/\/pacifichigh.de\/wp_ph_de\/wp-content\/uploads\/freediver_logo.gif\" width=\"128\" height=\"128\" \/><\/a><\/p>\n<p><span style=\"color: #ff9900;\"><strong><a title=\"PACIFIC HIGH - Freediver\" href=\"http:\/\/www.freediver.de\/40199.html\" target=\"_blank\">FREEDIVER<\/a><\/strong><\/span>: Geniales Tiefschnorchelger\u00e4t! Dank eines auf dem Wasser schwimmenden Kompressor werden wir bis in 12m Wassertiefe mit Luft versorgt. Sehr hilfreich bei Reparaturen \/ Kontrollen am Schiffsrumpf unter Wasser und ein riesen Spa\u00df beim tiefschnorcheln!<\/p>\n<p style=\"text-align: justify;\">.<\/p>\n<p style=\"text-align: justify;\">.<\/p>\n<p style=\"text-align: justify;\"><a href=\" http:\/\/pacifichigh.de\/wp_ph_de\/wp-content\/uploads\/snapz-pro-xschnappschuss0011.jpg\"><img loading=\"lazy\" class=\"alignright size-full wp-image-1073\" title=\"snapz-pro-xschnappschuss0011\" alt=\"\" src=\" http:\/\/pacifichigh.de\/wp_ph_de\/wp-content\/uploads\/snapz-pro-xschnappschuss0011.jpg\" width=\"150\" height=\"99\" \/><\/a><a title=\"http:\/\/www.serviceline.de\/\" href=\"http:\/\/www.serviceline.de\/\" target=\"_blank\"><span style=\"color: #ff6600;\"><strong>PeCe-ServiceLine<\/strong><\/span><\/a>: ist ein im Raum M\u00fcnchen ans\u00e4ssiges unabh\u00e4ngiges Unternehmen der IT-Branche. Detlev Kasten und J\u00fcrgen Haubeil sind DIE COMPUTER GURUS. Vielen Dank f\u00fcr Eure st\u00e4ndige Hilfe!<\/p>\n<p style=\"text-align: justify;\">.<\/p>\n<p style=\"text-align: justify;\">.<\/p>\n<p style=\"text-align: justify;\"><a href=\" http:\/\/pacifichigh.de\/wp_ph_de\/wp-content\/uploads\/snapz-pro-xschnappschuss0022.jpg\" target=\"_blank\"><img loading=\"lazy\" class=\"alignright size-full wp-image-1104\" title=\"snapz-pro-xschnappschuss0022\" alt=\"\" src=\" http:\/\/pacifichigh.de\/wp_ph_de\/wp-content\/uploads\/snapz-pro-xschnappschuss0022.jpg\" width=\"150\" height=\"55\" \/><\/a><strong><span style=\"color: #ff6600;\">TOMIC GROUP<\/span><\/strong>: Firmengruppe mit Sitz in M\u00fcnchen aktiv im Bereich Versorgungstechnik (<a title=\"Tomic &amp; Kellerbauer\" href=\"http:\/\/www.tomic.de\/\" target=\"_blank\"><span style=\"color: #ff6600;\">TOMIC &amp; KELLERBAUER<\/span><\/a>) in ganz Europa und Generalimporteur der Marken BMW, Mini und Landrover f\u00fcr Kroatien und Bosnien &amp; Herzegovina (<a title=\"BMW Kroatien\" href=\"http:\/\/www.bmw.hr\" target=\"_blank\"><span style=\"color: #ff6600;\">TOMIC &amp; CO.<\/span><\/a>).<\/p>\n<p style=\"text-align: justify;\">.<\/p>\n<p style=\"text-align: justify;\"><a href=\" http:\/\/pacifichigh.de\/wp_ph_de\/wp-content\/uploads\/snapz-pro-xschnappschuss0021.jpg\" target=\"_blank\"><img loading=\"lazy\" class=\"alignright size-full wp-image-1102\" title=\"snapz-pro-xschnappschuss0021\" alt=\"\" src=\" http:\/\/pacifichigh.de\/wp_ph_de\/wp-content\/uploads\/snapz-pro-xschnappschuss0021.jpg\" width=\"150\" height=\"54\" \/><\/a><a title=\"Ato Sp\u00fcrkel\" href=\"http:\/\/www.spuerkel.de\/index.htm\" target=\"_blank\"><strong><span style=\"color: #ff6600;\">Auto Sp\u00fcrkel<\/span><\/strong><\/a>: Meine erste berufliche &#8220;Wirkungsst\u00e4tte&#8221; im Ruhrgebiet. <strong>&#8220;Sp\u00fcrkel, der Mobilit\u00e4tsriese in Bochum&#8221;<\/strong>.<\/p>\n<p style=\"text-align: justify;\">.<\/p>\n<p style=\"text-align: justify;\"><a href=\" http:\/\/pacifichigh.de\/wp_ph_de\/wp-content\/uploads\/snapz-pro-xschnappschuss0012.jpg\" target=\"_blank\"><img loading=\"lazy\" class=\"alignright size-full wp-image-1100\" title=\"snapz-pro-xschnappschuss0012\" alt=\"\" src=\" http:\/\/pacifichigh.de\/wp_ph_de\/wp-content\/uploads\/snapz-pro-xschnappschuss0012.jpg\" width=\"150\" height=\"39\" \/><\/a><a title=\"Steuerkanzlei Link\" href=\"http:\/\/www.steuerberater-werner-link.de\/index.html\" target=\"_self\"><strong><span style=\"color: #ff6600;\">Steuerkanzlei Werner Link<\/span><\/strong><\/a>: Herr Link begleitet uns nun schon seit 15 Jahren sowohl privat als auch die Tomic Group in allen steuerlichen Belangen.<\/p>\n<p style=\"text-align: justify;\">.<\/p>\n<p><!--:--><!--:en--><\/p>\n<p><!--:--><!--:fr--><\/p>\n<p><!--:--><!--:it--><\/p>\n<p><!--:--><\/p>\n","protected":false},"excerpt":{"rendered":"<p>TAHITI-CATAMARAN-CHARTER: Unser Freund Pierre bietet Charterreisen auf seinem schnellen Katamaran Nusa Dua in Franz\u00f6sisch-Polynesien an. Da er schon mehrere Jahre hier vor Ort ist, kennt er das Revier nat\u00fcrlich wie seine Westentasche. Pierre spricht Englisch, Italienisch und nat\u00fcrlich Franz\u00f6sisch. CORAIL CARAIBES: Charterbasis f\u00fcr Katamarane auf Martinique und Guadeloupe und Lagoon H\u00e4ndler. Bei Hubert Tanguy haben [&hellip;]<\/p>\n","protected":false},"author":2,"featured_media":0,"parent":207,"menu_order":90,"comment_status":"closed","ping_status":"closed","template":"","meta":{"_s2mail":"yes","ngg_post_thumbnail":0},"_links":{"self":[{"href":"http:\/\/pacifichigh.de\/wp_ph_de\/index.php?rest_route=\/wp\/v2\/pages\/1128"}],"collection":[{"href":"http:\/\/pacifichigh.de\/wp_ph_de\/index.php?rest_route=\/wp\/v2\/pages"}],"about":[{"href":"http:\/\/pacifichigh.de\/wp_ph_de\/index.php?rest_route=\/wp\/v2\/types\/page"}],"author":[{"embeddable":true,"href":"http:\/\/pacifichigh.de\/wp_ph_de\/index.php?rest_route=\/wp\/v2\/users\/2"}],"replies":[{"embeddable":true,"href":"http:\/\/pacifichigh.de\/wp_ph_de\/index.php?rest_route=%2Fwp%2Fv2%2Fcomments&post=1128"}],"version-history":[{"count":0,"href":"http:\/\/pacifichigh.de\/wp_ph_de\/index.php?rest_route=\/wp\/v2\/pages\/1128\/revisions"}],"up":[{"embeddable":true,"href":"http:\/\/pacifichigh.de\/wp_ph_de\/index.php?rest_route=\/wp\/v2\/pages\/207"}],"wp:attachment":[{"href":"http:\/\/pacifichigh.de\/wp_ph_de\/index.php?rest_route=%2Fwp%2Fv2%2Fmedia&parent=1128"}],"curies":[{"name":"wp","href":"https:\/\/api.w.org\/{rel}","templated":true}]}}