{"id":1022,"date":"2008-11-22T19:56:46","date_gmt":"2008-11-22T20:56:46","guid":{"rendered":" http:\/\/pacifichigh.de\/wp_ph_de\/?page_id=1022"},"modified":"2008-11-22T19:56:46","modified_gmt":"2008-11-22T20:56:46","slug":"hinweise","status":"publish","type":"page","link":"http:\/\/pacifichigh.de\/wp_ph_de\/?page_id=1022","title":{"rendered":"Hinweise"},"content":{"rendered":"<p><!--:de--><\/p>\n<p style=\"text-align: justify;\">Wir haben in den letzten Wochen umfangreiche \u00c4nderungen an unserem Blog vorgenommen, nicht nur optisch (wie Euch bestimmt schon aufgefallen ist), sondern vor allen Dingen an den Scripts und der Datenbank. Unser ganz besonderer Dank gilt unserem Freund Detlev Kasten (<a href=\"http:\/\/www.serviceline.de\" target=\"_blank\">www.serviceline.de<\/a>) auf dessen Servern unser Blog l\u00e4uft und der uns seit 5 Jahren mit Rat und Tat zur Seite steht!<\/p>\n<p style=\"text-align: justify;\">Einige der Neuerungen m\u00f6chten wir an dieser Stelle etwas genauer beschreiben&#8230;<\/p>\n<p style=\"text-align: justify;\"><span style=\"color: #ffffff;\">.<\/span><\/p>\n<p style=\"text-align: justify;\"><span style=\"text-decoration: underline;\"><span style=\"font-size: x-large;\">Die Startseite<\/span><\/span><\/p>\n<p style=\"text-align: justify;\"><a href=\" http:\/\/pacifichigh.de\/wp_ph_de\/wp-content\/uploads\/1-Startseite-copy1.jpg\"><img loading=\"lazy\" class=\"aligncenter size-medium wp-image-7350\" alt=\"1 - Startseite copy\" src=\" http:\/\/pacifichigh.de\/wp_ph_de\/wp-content\/uploads\/1-Startseite-copy1-634x700.jpg\" width=\"634\" height=\"700\" \/><\/a><\/p>\n<p style=\"text-align: justify;\">&#8230; hat sich grundlegend ver\u00e4ndert. Hier erscheinen direkt die letzten Blogeintr\u00e4ge mit Bild und einem kurzen einleitenden Text. Einfach ein Bild oder einen Titel anklicken und der Blogeintrag \u00f6ffnet sich&#8230;<\/p>\n<p style=\"text-align: justify;\"><span style=\"color: #ffffff;\">.<\/span><\/p>\n<p style=\"text-align: justify;\"><span style=\"text-decoration: underline; font-size: x-large;\">Der Blog Eintrag<\/span><\/p>\n<p style=\"text-align: justify;\"><a href=\" http:\/\/pacifichigh.de\/wp_ph_de\/wp-content\/uploads\/2-Blogeintrag-copy.jpg\"><img loading=\"lazy\" class=\"aligncenter size-medium wp-image-7351\" alt=\"2 - Blogeintrag copy\" src=\" http:\/\/pacifichigh.de\/wp_ph_de\/wp-content\/uploads\/2-Blogeintrag-copy-676x700.jpg\" width=\"676\" height=\"700\" \/><\/a><\/p>\n<p style=\"text-align: justify;\">&#8230; besteht aus zwei Spalten.<\/p>\n<p style=\"text-align: justify;\">Die linke breitere Spalte enth\u00e4lt den eigentlichen Eintrag mit Bildern. Nach wie vor kann (fast) jedes Bild in unserem Blog durch einen Doppelklick vergr\u00f6\u00dfert werden.<\/p>\n<p style=\"text-align: justify;\">Die rechte schmalere Spalte enth\u00e4lt sogenannte \u201eWidgets\u201c die Euch die Navigation auf unseren Seiten erleichtern, bzw. zus\u00e4tzliche Informationen geben sollen. Zuoberst findet Ihr dort eine m\u00e4chtige Suchfunktion <strong><span style=\"color: #ff0000; font-size: medium;\">(1)<\/span><\/strong> \u00fcber unser ganzes Blog. Wir nutzen diese oft selber wenn wir uns nicht mehr genau an ein Ereignis erinnern k\u00f6nnen. Gebt Ihr dort z. Bsp. \u201eNew York\u201c ein, erscheinen alle Blogeintr\u00e4ge die mit der ber\u00fchmten Metropole der amerikanischen Ostk\u00fcste zusammenh\u00e4ngen. Der Suchbegriff \u201eSchule\u201c w\u00fcrde alle Logbucheintr\u00e4ge zu diesem Thema auflisten. \u00dcber das n\u00e4chste Widget \u201e\u00c4ltere Logbucheintr\u00e4ge\u201c <span style=\"color: #ff0000; font-size: medium;\"><strong>(2)<\/strong><\/span> k\u00f6nnt Ihr komfortabel in unseren Eintr\u00e4gen nach Monat\/Jahr unterteilt st\u00f6bern. Darunter findet Ihr zwei Zufallsfotos <span style=\"font-size: medium; color: #ff0000;\"><strong>(3)<\/strong><\/span> aus unserer umfangreichen Galerie die bei jedem Seitenaufbau wechseln. Unsere Kinder haben viel Spa\u00df daran zu erraten wo und wann die Aufnahmen entstanden sind: meistens brauchen sie nur Sekunden um sich daran zu erinnern! Als letztes erscheint die sogenannte \u201eWolke\u201c <span style=\"color: #ff0000;\"><strong><span style=\"font-size: medium;\">(4)<\/span><\/strong><\/span>. Eine Sammlung aller \u201eTags\u201c (Suchbegriffe) die wir unseren Eintr\u00e4gen zuordnen. Je gr\u00f6\u00dfer der \u201eTag\u201c desto h\u00e4ufiger wurde er benutzt. Wenn Ihr z. Bsp. Auf Bora Bora klickt erscheinen alle Eintr\u00e4ge zu dieser Insel.<\/p>\n<p style=\"text-align: justify;\"><a href=\" http:\/\/pacifichigh.de\/wp_ph_de\/wp-content\/uploads\/3-Blogeintrag-umbenennen-copy.jpg\"><img loading=\"lazy\" class=\"aligncenter size-medium wp-image-7352\" alt=\"3 - Blogeintrag umbenennen copy\" src=\" http:\/\/pacifichigh.de\/wp_ph_de\/wp-content\/uploads\/3-Blogeintrag-umbenennen-copy-700x665.jpg\" width=\"700\" height=\"665\" \/><\/a><\/p>\n<p style=\"text-align: justify;\">Unterhalb jedes Blogeintrages erscheinen die oben gezeigten Navigationsm\u00f6glichkeiten. Mit \u201eShare on Facebook\u201c <strong><span style=\"color: #ff0000; font-size: medium;\">(1)<\/span><\/strong> k\u00f6nnt Ihr \u2013 insofern Ihr einen Facebook Account habt \u2013 direkt von Eurer Facebook Seite auf diesen Eintrag verlinken &#8211; ist super einfach! Unter \u201eVerwandte Artikel\u201c <strong><span style=\"font-size: medium; color: #ff0000;\">(2)<\/span><\/strong> findet Ihr weitere Blogeintr\u00e4ge zu dem Thema, das Ihr gerade gelesen habt. Darunter findet Ihr direkte Sprungmarken <span style=\"color: #ff0000;\"><strong><span style=\"font-size: medium;\">(3)<\/span><\/strong><\/span> zu dem vorherigen und dem folgenden Artikel und k\u00f6nnt direkt zu ihm springen. Besonders am Herzen liegt uns aber die Antwort\/Kommentar Funktion <span style=\"color: #ff0000;\"><strong><span style=\"font-size: medium;\">(4)<\/span><\/strong><\/span>. Hier seit Ihr gefordert und k\u00f6nnt spontan Eure Meinungen u. Kommentare zu unseren Eintr\u00e4gen hinterlassen. Ist ganz einfach und tut garantiert nicht weh! W\u00e4re doch sch\u00f6n, wenn dieses Blog nicht nur eine Einbahnstra\u00dfe von uns zu Euch w\u00e4re! Wir sind sehr an Euren Erlebnissen, Meinungen, Kommentaren und Kritiken interessiert!<\/p>\n<p style=\"text-align: justify;\"><span style=\"color: #ffffff;\">.<\/span><\/p>\n<p style=\"text-align: justify;\"><span style=\"text-decoration: underline;\"><span style=\"font-size: x-large;\">Die Men\u00fcleiste<\/span><\/span><\/p>\n<p style=\"text-align: justify;\"><a href=\" http:\/\/pacifichigh.de\/wp_ph_de\/wp-content\/uploads\/4-Ga\u0308stebuch-copy.jpg\"><img loading=\"lazy\" class=\"aligncenter size-medium wp-image-7353\" alt=\"4 - Ga\u0308stebuch copy\" src=\" http:\/\/pacifichigh.de\/wp_ph_de\/wp-content\/uploads\/4-Ga\u0308stebuch-copy-700x261.jpg\" width=\"700\" height=\"261\" \/><\/a><\/p>\n<p style=\"text-align: justify;\">Bei der Men\u00fcleiste hat sich kaum etwas ver\u00e4ndert. Wir m\u00f6chten auf den Men\u00fcpunkt \u201eG\u00e4stebuch\u201c hinweisen, der uns sehr am Herzen liegt. Wir freuen uns immer wenn Ihr unter \u201eG\u00e4stebuch\u201c einen kurzen Gru\u00df an uns schickt. Unter \u201eAutomatische Benachrichtigung\u201c k\u00f6nnt Ihr Eure Email-Adresse hinterlassen und verpasst dann keinen Blogeintrag von uns.<\/p>\n<p><!--:--><!--:en--><\/p>\n<p>Here are a few tips for all newbies regarding our pages.<\/p>\n<p>First of all, we are pleased that you have found our site (would be great if you could report to us briefly how you came here!). We hope that you find our pages interesting, funny or simply entertaining. Perhaps you&#8217;ll like our blog and follow us for a while on our bluewater sailing tour around the world?<\/p>\n<p>Our website is divided into three areas: the most of the space is occupied by the actual pages in the middle. On the right is the sidebar with some useful features and you&#8217;ll find at the top the menu bar and the search function.<\/p>\n<p>Menu bar<\/p>\n<p>&#8230; Here you will find access to all &#8220;permanent&#8221; information. On the right of it is the search function of our Web pages: This is a full-text search, e.g. it searches the entire content of our pages and browse all internet pages included in\u00a0 your keyword lists.<\/p>\n<p>Sidebar<\/p>\n<p>On top are displayed four actual, randomly selected pictures from our photo albums. If you want to enlarge it: Just click. The images change with each page accessed.<\/p>\n<p>Below you will find the heart of our pages: the logbook. The last (current) entry is always displayed directly, if you would like to browse older log entries use the archive &#8211; there are always all contributions of a month.<\/p>\n<p>Last but not least, you&#8217;ll find in the sidebar flags for the different languages.<\/p>\n<p>We wish you joy in reading our contributions and we ask you for your support: please report \/ mail us all mistakes, display errors, wrong images, etc. etc. &#8211; THANKS!<\/p>\n<p>\u00a0<\/p>\n<p><!--:--><!--:fr--><\/p>\n<p>Voici quelques conseils pour toutes les nouvelles sur nos pages.<\/p>\n<p>D&#8217;abord, nous nous r\u00e9jouissons que vous avez trouv\u00e9 notre site (serait g\u00e9nial si vous pourriez nous rapporter bri\u00e8vement comment \u00eates-vous venu ici!) Et nous esp\u00e9rons d&#8217;avoir prepar\u00e9 pour vous quelques pages int\u00e9ressantes, dr\u00f4les ou simplement amusantes . Peut-\u00eatre que vous nous accompagnez pendant notre tour du monde?<\/p>\n<p>Notre site internet est divis\u00e9 en trois domaines: le plus de place est reserv\u00e9 pour les pages d&#8217;information au milieu.\u00c1 droite se trouve la barre lat\u00e9rale avec quelques fonctions utiles, vous trouverez ci-dessus la barre de menus et de la recherche.<\/p>\n<p>Barre de menus<\/p>\n<p>&#8230; Vous trouverez ici l&#8217;acc\u00e8s \u00e0 tous les des informations &#8220;durables&#8221;. \u00c0 droite se trouve la recherche de notre site Internet: Il s&#8217;agit d&#8217;une recherche de texte int\u00e9gral, c&#8217;est-\u00e0-dire vous pouvez chercher tout le contenu de nos pages.<\/p>\n<p>Sidebar<\/p>\n<p>En haut vous trouvez quatter images qui sont s\u00e9lectionn\u00e9e au hasard de nos albums de photos. Si vous les voulez engrandir: cliquez les simplement. Les images changent \u00e0 chaque page consult\u00e9e.<\/p>\n<p>Au dessous vous trouverez le coeur de nos pages: le journal de bord. Vous pouvez choisir la derniere (en cours) entr\u00e9e directement, si vous voulez lire des journals de bord anciennes utilizez les archives.<\/p>\n<p>Last but not least, vous trouverez dans l&#8217;encadr\u00e9 de drapeaux pour les diff\u00e9rentes langues dans lesquelles nous voulons mener notre journal de bord.<\/p>\n<p>Nous vous souhaitons beaucoup de plaisir lors de la lecture de nos contributions et nous vous demandons de nous signaler d&#8217;\u00e9ventuelles erreurs, des erreurs de pr\u00e9sentation de fausses images, etc, etc &#8211; MERCI!<\/p>\n<p>\u00a0<\/p>\n<p><!--:--><!--:it--><\/p>\n<p>Ecco alcuni suggerimenti per tutti i nuovi arivati per le nostre pagine.<\/p>\n<p>Prima di tutto, siamo lieti che avete trovato il nostro sito (sarebbe favoloso se potreste riferirci brevemente come siete venuti qui!) Speriamo di offrirvi alcune novit\u00e1 e delle pagine divertenti. Forse troverete interessante il nostro blog e magari ci accompagnate un pezzo nel nostro giro del mondo sotto vela?<\/p>\n<p>Il nostro sito \u00e8 diviso in tre settori: la parte centrale e dedicato alle pagine attuali che avete scelto.A destra si trova la barra laterale con alcune funzioni utili e in alto la barra dei menu e la funzione di ricerca.<\/p>\n<p>Barra dei menu<\/p>\n<p>&#8230; Qui troverete l&#8217;accesso a tutte le informazioni &#8220;permanenti&#8221;. A destra si trova la funzione di ricerca delle nostre pagine Web: si tratta di una ricerca full-text, vale a dire \u00e8 l&#8217;intero potete cercare tutto il contenuto delle nostre pagine.<\/p>\n<p>Sidebar<\/p>\n<p>In alto vedete quattro imagini scelte a caso dai nostri album di foto. Se si desidera ingrandire: basta un semplice click. Le immagini cambiano con ogni pagina letta.<\/p>\n<p>Di seguito troverete il cuore delle nostre pagine: il giornale di bordo. L&#8217;ultimo (attuale) giornale di bordo \u00e8 visualizzato direttamente, se volete leggere un giornale pi\u00fa vecchio potete sceglierlo dall&#8217; archivio &#8211; ci sono tutti i contributi di un mese.<\/p>\n<p>Ultimo ma non meno importante, troverai nella barra laterale le bandiere per scegliere le diverse lingue.<\/p>\n<p>Vi auguriamo grande piacere nel leggere i nostri contributi e vi chiediamo di notarci qualsiasi errori di battitura, errori di visualizzazione, le immagini sbagliato, ecc. ecc. essere &#8211; GRAZIE!<\/p>\n<p>\u00a0<\/p>\n<p><!--:--><\/p>\n","protected":false},"excerpt":{"rendered":"<p>Wir haben in den letzten Wochen umfangreiche \u00c4nderungen an unserem Blog vorgenommen, nicht nur optisch (wie Euch bestimmt schon aufgefallen ist), sondern vor allen Dingen an den Scripts und der Datenbank. Unser ganz besonderer Dank gilt unserem Freund Detlev Kasten (www.serviceline.de) auf dessen Servern unser Blog l\u00e4uft und der uns seit 5 Jahren mit Rat [&hellip;]<\/p>\n","protected":false},"author":2,"featured_media":7350,"parent":134,"menu_order":2,"comment_status":"closed","ping_status":"closed","template":"","meta":{"_s2mail":"yes","ngg_post_thumbnail":0},"_links":{"self":[{"href":"http:\/\/pacifichigh.de\/wp_ph_de\/index.php?rest_route=\/wp\/v2\/pages\/1022"}],"collection":[{"href":"http:\/\/pacifichigh.de\/wp_ph_de\/index.php?rest_route=\/wp\/v2\/pages"}],"about":[{"href":"http:\/\/pacifichigh.de\/wp_ph_de\/index.php?rest_route=\/wp\/v2\/types\/page"}],"author":[{"embeddable":true,"href":"http:\/\/pacifichigh.de\/wp_ph_de\/index.php?rest_route=\/wp\/v2\/users\/2"}],"replies":[{"embeddable":true,"href":"http:\/\/pacifichigh.de\/wp_ph_de\/index.php?rest_route=%2Fwp%2Fv2%2Fcomments&post=1022"}],"version-history":[{"count":0,"href":"http:\/\/pacifichigh.de\/wp_ph_de\/index.php?rest_route=\/wp\/v2\/pages\/1022\/revisions"}],"up":[{"embeddable":true,"href":"http:\/\/pacifichigh.de\/wp_ph_de\/index.php?rest_route=\/wp\/v2\/pages\/134"}],"wp:featuredmedia":[{"embeddable":true,"href":"http:\/\/pacifichigh.de\/wp_ph_de\/index.php?rest_route=\/"}],"wp:attachment":[{"href":"http:\/\/pacifichigh.de\/wp_ph_de\/index.php?rest_route=%2Fwp%2Fv2%2Fmedia&parent=1022"}],"curies":[{"name":"wp","href":"https:\/\/api.w.org\/{rel}","templated":true}]}}